{"id":1874,"date":"2024-07-10T02:32:11","date_gmt":"2024-07-10T02:32:11","guid":{"rendered":"https:\/\/theathenanet.org\/?page_id=1874"},"modified":"2025-05-13T19:15:35","modified_gmt":"2025-05-13T19:15:35","slug":"convocatoria","status":"publish","type":"page","link":"https:\/\/theathenanet.org\/en\/convocatoria\/","title":{"rendered":"Call for papers"},"content":{"rendered":"<div class=\"wp-block-stackable-subtitle stk-block-subtitle stk-block stk-ef10ee0 stk-block-background\" data-block-id=\"ef10ee0\"><style>.stk-ef10ee0{background-color:#f2c849 !important;margin-bottom:0px !important}.stk-ef10ee0:before{background-color:#f2c849 !important}.stk-ef10ee0 .stk-block-subtitle__text{font-size:25px !important}@media screen and (max-width:1023px){.stk-ef10ee0 .stk-block-subtitle__text{font-size:25px !important}}<\/style><p class=\"stk-block-subtitle__text stk-subtitle has-text-align-center\"><strong>CALL FOR PAPERS<\/strong><\/p><\/div>\n\n\n\n<div class=\"wp-block-stackable-text stk-block-text stk-block stk-b4b6f4e\" data-block-id=\"b4b6f4e\"><p class=\"stk-block-text__text\">The Atenea International Network, the University of San Francisco (USF), the Ulysses Syndrome Institute, and Voices of Hope International (VOADES), have the honour of inviting mental health professionals, researchers, academics, community leaders, activists, students, young professionals, NGO representatives, and the general public to share their experiences and contributions at the:<\/p><\/div>\n\n\n\n<div class=\"wp-block-stackable-columns stk-block-columns stk-block stk-18e6daf\" data-block-id=\"18e6daf\"><div class=\"stk-row stk-inner-blocks stk-block-content stk-content-align stk-18e6daf-column\">\n<div class=\"wp-block-stackable-column stk-block-column stk-column stk-block stk-a19d4d3\" data-v=\"4\" data-block-id=\"a19d4d3\"><div class=\"stk-column-wrapper stk-block-column__content stk-container stk-a19d4d3-container stk--no-background stk--no-padding\"><div class=\"stk-block-content stk-inner-blocks stk-a19d4d3-inner-blocks\">\n<div class=\"wp-block-stackable-image stk-block-image stk-block stk-4337c1d\" data-block-id=\"4337c1d\"><style>.stk-4337c1d .stk-img-wrapper{width:50% !important}<\/style><figure><span class=\"stk-img-wrapper stk-image--shape-stretch\"><img loading=\"lazy\" decoding=\"async\" class=\"stk-img wp-image-2625\" src=\"https:\/\/theathenanet.org\/wp-content\/uploads\/2025\/03\/ES.png\" width=\"1545\" height=\"2000\" srcset=\"https:\/\/theathenanet.org\/wp-content\/uploads\/2025\/03\/ES.png 1545w, https:\/\/theathenanet.org\/wp-content\/uploads\/2025\/03\/ES-232x300.png 232w, https:\/\/theathenanet.org\/wp-content\/uploads\/2025\/03\/ES-791x1024.png 791w, https:\/\/theathenanet.org\/wp-content\/uploads\/2025\/03\/ES-768x994.png 768w, https:\/\/theathenanet.org\/wp-content\/uploads\/2025\/03\/ES-1187x1536.png 1187w, https:\/\/theathenanet.org\/wp-content\/uploads\/2025\/03\/ES-9x12.png 9w\" sizes=\"auto, (max-width: 1545px) 100vw, 1545px\" \/><\/span><\/figure><\/div>\n<\/div><\/div><\/div>\n<\/div><\/div>\n\n\n\n<div class=\"wp-block-stackable-text stk-block-text stk-block stk-017d47b\" data-block-id=\"017d47b\"><style>.stk-017d47b{margin-bottom:0px !important}<\/style><p class=\"stk-block-text__text\"><strong>OBJECTIVE<\/strong><\/p><\/div>\n\n\n\n<div class=\"wp-block-stackable-text stk-block-text stk-block stk-aa39ceb\" data-block-id=\"aa39ceb\"><style>.stk-aa39ceb{margin-bottom:0px !important}<\/style><p class=\"stk-block-text__text\"><strong>To create a space for the exchange of support experiences, research, and initiatives aimed at enhancing the mental health protection of immigrant individuals.<\/strong><\/p><\/div>\n\n\n\n<div class=\"wp-block-stackable-text stk-block-text stk-block stk-d9d9c1d\" data-block-id=\"d9d9c1d\"><style>.stk-d9d9c1d{margin-bottom:0px !important}<\/style><p class=\"stk-block-text__text\"><strong><strong>THEMATIC AREAS<\/strong><\/strong><\/p><\/div>\n\n\n\n<ul class=\"wp-block-list\" data-block-type=\"core\">\n<li style=\"font-size:clamp(14px, 0.875rem + ((1vw - 3.2px) * 0.078), 15px);\" data-block-type=\"core\"><span style=\"color: #050505;\" class=\"stk-highlight\">Stressors and clinical manifestations<\/span><\/li>\n\n\n\n<li style=\"font-size:clamp(14px, 0.875rem + ((1vw - 3.2px) * 0.078), 15px);\" data-block-type=\"core\"><span style=\"color: #040303;\" class=\"stk-highlight\">Assessment and intervention<\/span><\/li>\n\n\n\n<li style=\"font-size:clamp(14px, 0.875rem + ((1vw - 3.2px) * 0.078), 15px);\" data-block-type=\"core\"><span style=\"color: #050505;\" class=\"stk-highlight\">Community Experiences<\/span><\/li>\n<\/ul>\n\n\n\n<div class=\"wp-block-stackable-text stk-block-text stk-block stk-9907fd1\" data-block-id=\"9907fd1\"><style>.stk-9907fd1{margin-bottom:0px !important}<\/style><p class=\"stk-block-text__text\"><span style=\"color: var(--theme-palette-color-4, #192a3d);\" class=\"stk-highlight\"><strong>PARTICIPATION MODALITIES<\/strong><\/span><\/p><\/div>\n\n\n\n<ol style=\"list-style-type:lower-alpha\" class=\"wp-block-list has-black-color has-text-color has-link-color wp-elements-c6dd8f63add981fcefa0b1faa1b919ea\" data-block-type=\"core\">\n<li style=\"font-size:clamp(14px, 0.875rem + ((1vw - 3.2px) * 0.078), 15px);\" data-block-type=\"core\"><span style=\"color: #0b0b0b;\" class=\"stk-highlight\">Speaker attending in person<\/span><\/li>\n\n\n\n<li style=\"font-size:clamp(14px, 0.875rem + ((1vw - 3.2px) * 0.078), 15px);\" data-block-type=\"core\">Remote speaker (This mode of participation will be exclusive to those who are outside of Mexico and unable to travel to the event venue, provided that they meet the requirements of this call for papers).<\/li>\n<\/ol>\n\n\n\n<div class=\"wp-block-stackable-text stk-block-text stk-block stk-6e4ba77\" data-block-id=\"6e4ba77\"><style>.stk-6e4ba77{margin-bottom:0px !important}<\/style><p class=\"stk-block-text__text\">The papers to be presented can be individual or collaborative, with a maximum of 3 people. At the time of the presentation at the event, only two people will be present when it comes to collaborative work.<\/p><\/div>\n\n\n\n<div class=\"wp-block-stackable-text stk-block-text stk-block stk-d5f7740\" data-block-id=\"d5f7740\"><style>.stk-d5f7740{margin-bottom:0px !important}<\/style><p class=\"stk-block-text__text\"><strong>PROCEDURE FOR SUBMITTING PAPERS<\/strong><\/p><\/div>\n\n\n\n<div class=\"wp-block-stackable-text stk-block-text stk-block stk-3011cc5\" data-block-id=\"3011cc5\"><p class=\"stk-block-text__text has-text-align-justify\"><strong>1.<\/strong>&nbsp;Verify that the papers to be presented align with one of the themes of the International Congress on Migration and Mental Health<br><strong>2.<\/strong>&nbsp;Submit an abstract of the paper in Spanish or English to congress@theathenanet.org <a href=\"https:\/\/docs.google.com\/forms\/d\/e\/1FAIpQLScni6CvGceQQnBCZHH9qStADNNQLxmiZPlY5UIB-p8PG5T0kQ\/viewform\" data-type=\"link\" data-id=\"https:\/\/docs.google.com\/forms\/d\/e\/1FAIpQLScni6CvGceQQnBCZHH9qStADNNQLxmiZPlY5UIB-p8PG5T0kQ\/viewform\"><strong><span style=\"color: #01711d;\" class=\"stk-highlight\">Register<\/span><\/strong><\/a><br>    The abstracts must meet the following requirements:<br>   \u2022 El resumen deber\u00e1 incluir: Eje, t\u00edtulo de la ponencia; nombre (es) e informaci\u00f3n de contacto de todas\/s las\/os autoras\/es (correo electr\u00f3nico, instituci\u00f3n, perfil profesional y                           n\u00famero de tel\u00e9fono)<br>   If it is a theoretical, methodological, or intervention paper, the abstract must provide sufficient detail to allow the Committee to assess the quality of the work according to the objectives and themes of the congress.<br>    \u2022 Los res\u00famenes basados en los resultados de la investigaci\u00f3n deben escribirse con la siguiente estructura: Trasfondo, antecedente o contexto, m\u00e9todos, resultados.<br><strong>3.<\/strong>&nbsp;Once the paper abstract has been evaluated by the Scientific Committee of the International Congress on Migration and Mental Health, you will be notified of acceptance or rejection via email. The decision of the Scientific Committee is final.<br><strong>4.<\/strong>&nbsp;Full papers must be submitted by the specified deadline, along with the acceptance letter and a brief CV. <\/p><\/div>\n\n\n\n<div class=\"wp-block-stackable-subtitle stk-block-subtitle stk-block stk-51dc46f\" data-block-id=\"51dc46f\"><style>.stk-51dc46f{margin-bottom:0px !important}.stk-51dc46f .stk-block-subtitle__text{font-size:15px !important;color:#000000 !important}@media screen and (max-width:1023px){.stk-51dc46f .stk-block-subtitle__text{font-size:15px !important}}<\/style><p class=\"stk-block-subtitle__text stk-subtitle has-text-color\"><strong><span style=\"color: var(--theme-palette-color-4, #192a3d);\" class=\"stk-highlight\">KEY DATES<\/span><\/strong><\/p><\/div>\n\n\n\n<div class=\"wp-block-stackable-columns stk-block-columns stk-block stk-7f450c6\" data-block-id=\"7f450c6\"><style>.stk-7f450c6{margin-bottom:0px !important}<\/style><div class=\"stk-row stk-inner-blocks stk-block-content stk-content-align stk-7f450c6-column\">\n<div class=\"wp-block-stackable-column stk-block-column stk-column stk-block stk-40c9b10\" data-v=\"4\" data-block-id=\"40c9b10\"><style>@media screen and (min-width:768px){.stk-40c9b10{flex:var(--stk-flex-grow,1) 1 calc(28.69999999999999% - var(--stk-column-gap,0px) * 1 \/ 2 ) !important}}@media screen and (max-width:767px){.stk-40c9b10{flex:var(--stk-flex-grow,1) 1 calc(40% - var(--stk-column-gap,0px) * 1 \/ 2 ) !important}}<\/style><div class=\"stk-column-wrapper stk-block-column__content stk-container stk-40c9b10-container stk--no-background stk--no-padding\"><div class=\"stk-block-content stk-inner-blocks stk-40c9b10-inner-blocks\">\n<div class=\"wp-block-stackable-text stk-block-text stk-block stk-d60e0e3\" data-block-id=\"d60e0e3\"><style>.stk-d60e0e3{margin-bottom:0px !important}.stk-d60e0e3 .stk-block-text__text{font-size:15px !important;color:var(--theme-palette-color-4,#192a3d) !important}@media screen and (max-width:1023px){.stk-d60e0e3 .stk-block-text__text{font-size:15px !important}}@media screen and (max-width:767px){.stk-d60e0e3{margin-bottom:0px !important}.stk-d60e0e3 .stk-block-text__text{font-size:10px !important}}<\/style><p class=\"stk-block-text__text has-text-color\"><strong>24 March 2025<\/strong><\/p><\/div>\n\n\n\n<div class=\"wp-block-stackable-text stk-block-text stk-block stk-678195e\" data-block-id=\"678195e\"><style>.stk-678195e{margin-bottom:0px !important}.stk-678195e .stk-block-text__text{font-size:15px !important;color:var(--theme-palette-color-4,#192a3d) !important}@media screen and (max-width:1023px){.stk-678195e .stk-block-text__text{font-size:15px !important}}@media screen and (max-width:767px){.stk-678195e .stk-block-text__text{font-size:10px !important}}<\/style><p class=\"stk-block-text__text has-text-color\"><strong>24 March to 31 May 2025<\/strong><\/p><\/div>\n\n\n\n<div class=\"wp-block-stackable-text stk-block-text stk-block stk-dc7fe4a\" data-block-id=\"dc7fe4a\"><style>.stk-dc7fe4a{margin-bottom:0px !important}.stk-dc7fe4a .stk-block-text__text{font-size:15px !important;color:var(--theme-palette-color-4,#192a3d) !important}@media screen and (max-width:1023px){.stk-dc7fe4a .stk-block-text__text{font-size:15px !important}}@media screen and (max-width:767px){.stk-dc7fe4a .stk-block-text__text{font-size:10px !important}}<\/style><p class=\"stk-block-text__text has-text-color\"><span style=\"color: var(--theme-palette-color-4, #192a3d);\" class=\"stk-highlight\"><strong><strong><strong>5 to 11 June 2025<\/strong><\/strong> <\/strong><\/span><\/p><\/div>\n\n\n\n<div class=\"wp-block-stackable-text stk-block-text stk-block stk-87cd2dd\" data-block-id=\"87cd2dd\"><style>.stk-87cd2dd{margin-bottom:0px !important}.stk-87cd2dd .stk-block-text__text{font-size:15px !important;color:var(--theme-palette-color-4,#192a3d) !important}@media screen and (max-width:1023px){.stk-87cd2dd .stk-block-text__text{font-size:15px !important}}@media screen and (max-width:767px){.stk-87cd2dd .stk-block-text__text{font-size:10px !important}}<\/style><p class=\"stk-block-text__text has-text-color\"><span style=\"color: var(--theme-palette-color-4, #192a3d);\" class=\"stk-highlight\"><strong><strong>10 October 2025<\/strong><\/strong><\/span><\/p><\/div>\n\n\n\n<div class=\"wp-block-stackable-text stk-block-text stk-block stk-5155ec4\" data-block-id=\"5155ec4\"><style>.stk-5155ec4{margin-bottom:0px !important}.stk-5155ec4 .stk-block-text__text{font-size:15px !important}@media screen and (max-width:1023px){.stk-5155ec4 .stk-block-text__text{font-size:15px !important}}@media screen and (max-width:767px){.stk-5155ec4 .stk-block-text__text{font-size:10px !important}}<\/style><p class=\"stk-block-text__text\"><strong><span style=\"color: var(--theme-palette-color-4, #192a3d);\" class=\"stk-highlight\"><strong>11 and 12 October 2025<\/strong><\/span><\/strong><\/p><\/div>\n\n\n\n<div class=\"wp-block-stackable-text stk-block-text stk-block stk-fedd3f3\" data-block-id=\"fedd3f3\"><style>.stk-fedd3f3 .stk-block-text__text{font-size:15px !important}@media screen and (max-width:1023px){.stk-fedd3f3 .stk-block-text__text{font-size:15px !important}}@media screen and (max-width:767px){.stk-fedd3f3 .stk-block-text__text{font-size:10px !important}}<\/style><p class=\"stk-block-text__text\"><span style=\"color: var(--theme-palette-color-4, #192a3d);\" class=\"stk-highlight\"><strong><strong>1 August to 3 October 2025<\/strong><\/strong><\/span><\/p><\/div>\n<\/div><\/div><\/div>\n\n\n\n<div class=\"wp-block-stackable-column stk-block-column stk-column stk-block stk-15d154b\" data-v=\"4\" data-block-id=\"15d154b\"><style>@media screen and (min-width:768px){.stk-15d154b{flex:var(--stk-flex-grow,1) 1 calc(71.30000000000001% - var(--stk-column-gap,0px) * 1 \/ 2 ) !important}}@media screen and (max-width:767px){.stk-15d154b{flex:var(--stk-flex-grow,1) 1 calc(60% - var(--stk-column-gap,0px) * 1 \/ 2 ) !important}}<\/style><div class=\"stk-column-wrapper stk-block-column__content stk-container stk-15d154b-container stk--no-background stk--no-padding\"><div class=\"stk-block-content stk-inner-blocks stk-15d154b-inner-blocks\">\n<div class=\"wp-block-stackable-text stk-block-text stk-block stk-5940ea0\" data-block-id=\"5940ea0\"><style>.stk-5940ea0{margin-bottom:0px !important}.stk-5940ea0 .stk-block-text__text{font-size:15px !important}@media screen and (max-width:1023px){.stk-5940ea0 .stk-block-text__text{font-size:15px !important}}@media screen and (max-width:767px){.stk-5940ea0{margin-bottom:0px !important}.stk-5940ea0 .stk-block-text__text{font-size:10px !important}}<\/style><p class=\"stk-block-text__text\"><span style=\"color: var(--theme-palette-color-4, #192a3d);\" class=\"stk-highlight\">Publication of the call for papers for the Congress.<\/span>.<\/p><\/div>\n\n\n\n<div class=\"wp-block-stackable-text stk-block-text stk-block stk-4351eca\" data-block-id=\"4351eca\"><style>.stk-4351eca{margin-bottom:0px !important}.stk-4351eca .stk-block-text__text{font-size:15px !important}@media screen and (max-width:1023px){.stk-4351eca .stk-block-text__text{font-size:15px !important}}@media screen and (max-width:767px){.stk-4351eca .stk-block-text__text{font-size:10px !important}}<\/style><p class=\"stk-block-text__text\"><span style=\"color: var(--theme-palette-color-4, #192a3d);\" class=\"stk-highlight\">Papers reception.<\/span><\/p><\/div>\n\n\n\n<div class=\"wp-block-stackable-text stk-block-text stk-block stk-9583eec\" data-block-id=\"9583eec\"><style>.stk-9583eec{margin-bottom:0px !important}.stk-9583eec .stk-block-text__text{font-size:15px !important}@media screen and (max-width:1023px){.stk-9583eec .stk-block-text__text{font-size:15px !important}}@media screen and (max-width:767px){.stk-9583eec .stk-block-text__text{font-size:10px !important}}<\/style><p class=\"stk-block-text__text has-text-align-left\"><span style=\"color: var(--theme-palette-color-4, #192a3d);\" class=\"stk-highlight\">Notification of acceptance of papers abstracts.<\/span><\/p><\/div>\n\n\n\n<div class=\"wp-block-stackable-text stk-block-text stk-block stk-e129e8d\" data-block-id=\"e129e8d\"><style>.stk-e129e8d{margin-bottom:0px !important}.stk-e129e8d .stk-block-text__text{font-size:15px !important}@media screen and (max-width:1023px){.stk-e129e8d .stk-block-text__text{font-size:15px !important}}@media screen and (max-width:767px){.stk-e129e8d .stk-block-text__text{font-size:10px !important}}<\/style><p class=\"stk-block-text__text has-text-align-left\"><span style=\"color: var(--theme-palette-color-4, #192a3d);\" class=\"stk-highlight\">Pre-Congress event.<\/span><\/p><\/div>\n\n\n\n<div class=\"wp-block-stackable-text stk-block-text stk-block stk-46f8fa3\" data-block-id=\"46f8fa3\"><style>.stk-46f8fa3{margin-bottom:0px !important}.stk-46f8fa3 .stk-block-text__text{font-size:15px !important}@media screen and (max-width:1023px){.stk-46f8fa3 .stk-block-text__text{font-size:15px !important}}@media screen and (max-width:767px){.stk-46f8fa3 .stk-block-text__text{font-size:10px !important}}<\/style><p class=\"stk-block-text__text has-text-align-left\"><span style=\"color: var(--theme-palette-color-4, #192a3d);\" class=\"stk-highlight\">International Congress on Migration and Mental Health.<\/span><\/p><\/div>\n\n\n\n<div class=\"wp-block-stackable-text stk-block-text stk-block stk-697e9f0\" data-block-id=\"697e9f0\"><style>.stk-697e9f0 .stk-block-text__text{font-size:15px !important}@media screen and (max-width:1023px){.stk-697e9f0 .stk-block-text__text{font-size:15px !important}}@media screen and (max-width:767px){.stk-697e9f0 .stk-block-text__text{font-size:10px !important}}<\/style><p class=\"stk-block-text__text has-text-align-left\"><span style=\"color: var(--theme-palette-color-4, #192a3d);\" class=\"stk-highlight\">Reception of full papers via email.<\/span><\/p><\/div>\n<\/div><\/div><\/div>\n<\/div><\/div>\n\n\n\n<div class=\"wp-block-stackable-subtitle stk-block-subtitle stk-block stk-65719b3 stk-block-background\" data-block-id=\"65719b3\"><style>.stk-65719b3{background-color:#3d7516 !important;margin-bottom:0px !important}.stk-65719b3:before{background-color:#3d7516 !important}.stk-65719b3 .stk-block-subtitle__text{font-size:25px !important;color:var(--theme-palette-color-6,#f2f5f7) !important}@media screen and (max-width:1023px){.stk-65719b3 .stk-block-subtitle__text{font-size:25px !important}}<\/style><p class=\"stk-block-subtitle__text stk-subtitle has-text-color has-text-align-center\">Information: <strong>congress@theathenanet.org<\/strong><\/p><\/div>\n\n\n\n<p><\/p>","protected":false},"excerpt":{"rendered":"<p>CONVOCATORIA PARA PRESENTACI\u00d3N DE PONENCIAS La Red Atenea Internacional, la Universidad de San Francisco (USF), el Ulysses Syndrome Institute, Voces Amigas de Esperanza Internacional (VOADES), tienen el honor de invitar a profesionales de la salud mental, investigadores, acad\u00e9micos, l\u00edderes comunitarios , activistas, estudiantes, j\u00f3venes profesionales, representantes de ONGs y p\u00fablico en general a compartir sus [&hellip;]<\/p>","protected":false},"author":1,"featured_media":0,"parent":0,"menu_order":0,"comment_status":"closed","ping_status":"closed","template":"","meta":{"footnotes":""},"class_list":["post-1874","page","type-page","status-publish","hentry"],"blocksy_meta":[],"_links":{"self":[{"href":"https:\/\/theathenanet.org\/en\/wp-json\/wp\/v2\/pages\/1874","targetHints":{"allow":["GET"]}}],"collection":[{"href":"https:\/\/theathenanet.org\/en\/wp-json\/wp\/v2\/pages"}],"about":[{"href":"https:\/\/theathenanet.org\/en\/wp-json\/wp\/v2\/types\/page"}],"author":[{"embeddable":true,"href":"https:\/\/theathenanet.org\/en\/wp-json\/wp\/v2\/users\/1"}],"replies":[{"embeddable":true,"href":"https:\/\/theathenanet.org\/en\/wp-json\/wp\/v2\/comments?post=1874"}],"version-history":[{"count":30,"href":"https:\/\/theathenanet.org\/en\/wp-json\/wp\/v2\/pages\/1874\/revisions"}],"predecessor-version":[{"id":2935,"href":"https:\/\/theathenanet.org\/en\/wp-json\/wp\/v2\/pages\/1874\/revisions\/2935"}],"wp:attachment":[{"href":"https:\/\/theathenanet.org\/en\/wp-json\/wp\/v2\/media?parent=1874"}],"curies":[{"name":"wp","href":"https:\/\/api.w.org\/{rel}","templated":true}]}}