{"id":1904,"date":"2024-07-10T04:06:37","date_gmt":"2024-07-10T04:06:37","guid":{"rendered":"https:\/\/theathenanet.org\/?page_id=1904"},"modified":"2025-10-02T03:11:04","modified_gmt":"2025-10-02T03:11:04","slug":"congreso","status":"publish","type":"page","link":"https:\/\/theathenanet.org\/en\/congreso\/","title":{"rendered":"Congress"},"content":{"rendered":"<div class=\"wp-block-stackable-heading stk-block-heading stk-block-heading--v2 stk-block stk-2878d53\" id=\"unete-al-evento-global-del-ano\" data-block-id=\"2878d53\"><style>.stk-2878d53 .stk-block-heading__text{font-size:25px !important;font-family:-apple-system,BlinkMacSystemFont,\"Segoe UI\",Roboto,Helvetica,Arial,sans-serif,\"Apple Color Emoji\",\"Segoe UI Emoji\",\"Segoe UI Symbol\" !important}@media screen and (max-width:1023px){.stk-2878d53 .stk-block-heading__text{font-size:25px !important}}<\/style><h6 class=\"stk-block-heading__text has-text-align-center stk-block-heading--use-theme-margins\">\"Join the global event of the year!\"<\/h6><\/div>\n\n\n\n<div class=\"wp-block-stackable-text stk-block-text stk-block stk-01fe4c9\" data-block-id=\"01fe4c9\"><style>.stk-01fe4c9{margin-bottom:0px !important}<\/style><p class=\"stk-block-text__text\">We invite you to the <strong>XV Congreso Internacional sobre Migraci\u00f3n y Salud Mental<\/strong>-where experts, practitioners and activists will come together to address the challenges and opportunities at the intersection of migration and mental health.<\/p><\/div>\n\n\n\n<div class=\"wp-block-stackable-columns stk-block-columns stk-block stk-5017649\" data-block-id=\"5017649\"><div class=\"stk-row stk-inner-blocks stk-block-content stk-content-align stk-5017649-column\">\n<div class=\"wp-block-stackable-column stk-block-column stk-column stk-block stk-c08cd6b\" data-v=\"4\" data-block-id=\"c08cd6b\"><style>@media screen and (min-width:768px){.stk-c08cd6b{flex:var(--stk-flex-grow,1) 1 33.3% !important}}<\/style><div class=\"stk-column-wrapper stk-block-column__content stk-container stk-c08cd6b-container stk--no-background stk--no-padding\"><div class=\"stk-block-content stk-inner-blocks stk-c08cd6b-inner-blocks\">\n<div class=\"wp-block-stackable-image stk-block-image stk-block stk-9b61ecb\" data-block-id=\"9b61ecb\"><figure><span class=\"stk-img-wrapper stk-image--shape-stretch\"><img loading=\"lazy\" decoding=\"async\" class=\"stk-img wp-image-3196\" src=\"https:\/\/theathenanet.org\/wp-content\/uploads\/2025\/09\/ES.jpg\" width=\"1545\" height=\"2000\" srcset=\"https:\/\/theathenanet.org\/wp-content\/uploads\/2025\/09\/ES.jpg 1545w, https:\/\/theathenanet.org\/wp-content\/uploads\/2025\/09\/ES-232x300.jpg 232w, https:\/\/theathenanet.org\/wp-content\/uploads\/2025\/09\/ES-791x1024.jpg 791w, https:\/\/theathenanet.org\/wp-content\/uploads\/2025\/09\/ES-768x994.jpg 768w, https:\/\/theathenanet.org\/wp-content\/uploads\/2025\/09\/ES-1187x1536.jpg 1187w, https:\/\/theathenanet.org\/wp-content\/uploads\/2025\/09\/ES-9x12.jpg 9w\" sizes=\"auto, (max-width: 1545px) 100vw, 1545px\" \/><\/span><\/figure><\/div>\n<\/div><\/div><\/div>\n\n\n\n<div class=\"wp-block-stackable-column stk-block-column stk-column stk-block stk-ff9e5ac\" data-v=\"4\" data-block-id=\"ff9e5ac\"><style>@media screen and (min-width:768px){.stk-ff9e5ac{flex:var(--stk-flex-grow,1) 1 66.7% !important}}<\/style><div class=\"stk-column-wrapper stk-block-column__content stk-container stk-ff9e5ac-container stk--no-background stk--no-padding\"><div class=\"stk-block-content stk-inner-blocks stk-ff9e5ac-inner-blocks\">\n<div class=\"wp-block-stackable-image stk-block-image stk-block stk-9da5aa7\" data-block-id=\"9da5aa7\"><figure><span class=\"stk-img-wrapper stk-image--shape-stretch\"><img loading=\"lazy\" decoding=\"async\" class=\"stk-img wp-image-3035\" src=\"https:\/\/theathenanet.org\/wp-content\/uploads\/2025\/09\/1.jpg\" width=\"1920\" height=\"1080\" srcset=\"https:\/\/theathenanet.org\/wp-content\/uploads\/2025\/09\/1.jpg 1920w, https:\/\/theathenanet.org\/wp-content\/uploads\/2025\/09\/1-300x169.jpg 300w, https:\/\/theathenanet.org\/wp-content\/uploads\/2025\/09\/1-1024x576.jpg 1024w, https:\/\/theathenanet.org\/wp-content\/uploads\/2025\/09\/1-768x432.jpg 768w, https:\/\/theathenanet.org\/wp-content\/uploads\/2025\/09\/1-1536x864.jpg 1536w, https:\/\/theathenanet.org\/wp-content\/uploads\/2025\/09\/1-18x10.jpg 18w\" sizes=\"auto, (max-width: 1920px) 100vw, 1920px\" \/><\/span><\/figure><\/div>\n<\/div><\/div><\/div>\n<\/div><\/div>\n\n\n\n<div class=\"wp-block-stackable-columns stk-block-columns stk-block stk-437043b\" data-block-id=\"437043b\"><div class=\"stk-row stk-inner-blocks stk-block-content stk-content-align stk-437043b-column\">\n<div class=\"wp-block-stackable-column stk-block-column stk-column stk-block stk-70a4a9f\" data-v=\"4\" data-block-id=\"70a4a9f\"><div class=\"stk-column-wrapper stk-block-column__content stk-container stk-70a4a9f-container stk--no-background stk--no-padding\"><div class=\"stk-block-content stk-inner-blocks stk-70a4a9f-inner-blocks\">\n<div class=\"wp-block-stackable-columns stk-block-columns stk-block stk-05aa545\" data-block-id=\"05aa545\"><div class=\"stk-row stk-inner-blocks stk-block-content stk-content-align stk-05aa545-column\">\n<div class=\"wp-block-stackable-column stk-block-column stk-column stk-block stk-7eebd5d\" data-v=\"4\" data-block-id=\"7eebd5d\"><div class=\"stk-column-wrapper stk-block-column__content stk-container stk-7eebd5d-container stk--no-background stk--no-padding\"><div class=\"stk-block-content stk-inner-blocks stk-7eebd5d-inner-blocks\">\n<div class=\"wp-block-stackable-image stk-block-image stk-block stk-40d829f\" data-block-id=\"40d829f\"><figure><span class=\"stk-img-wrapper stk-image--shape-stretch\"><img loading=\"lazy\" decoding=\"async\" class=\"stk-img wp-image-3036\" src=\"https:\/\/theathenanet.org\/wp-content\/uploads\/2025\/09\/2.jpg\" width=\"1920\" height=\"1080\" srcset=\"https:\/\/theathenanet.org\/wp-content\/uploads\/2025\/09\/2.jpg 1920w, https:\/\/theathenanet.org\/wp-content\/uploads\/2025\/09\/2-300x169.jpg 300w, https:\/\/theathenanet.org\/wp-content\/uploads\/2025\/09\/2-1024x576.jpg 1024w, https:\/\/theathenanet.org\/wp-content\/uploads\/2025\/09\/2-768x432.jpg 768w, https:\/\/theathenanet.org\/wp-content\/uploads\/2025\/09\/2-1536x864.jpg 1536w, https:\/\/theathenanet.org\/wp-content\/uploads\/2025\/09\/2-18x10.jpg 18w\" sizes=\"auto, (max-width: 1920px) 100vw, 1920px\" \/><\/span><\/figure><\/div>\n<\/div><\/div><\/div>\n\n\n\n<div class=\"wp-block-stackable-column stk-block-column stk-column stk-block stk-bfaa3a8\" data-v=\"4\" data-block-id=\"bfaa3a8\"><div class=\"stk-column-wrapper stk-block-column__content stk-container stk-bfaa3a8-container stk--no-background stk--no-padding\"><div class=\"stk-block-content stk-inner-blocks stk-bfaa3a8-inner-blocks\">\n<div class=\"wp-block-stackable-image stk-block-image stk-block stk-9fa10fa\" data-block-id=\"9fa10fa\"><figure><span class=\"stk-img-wrapper stk-image--shape-stretch\"><img loading=\"lazy\" decoding=\"async\" class=\"stk-img wp-image-3037\" src=\"https:\/\/theathenanet.org\/wp-content\/uploads\/2025\/09\/3.jpg\" width=\"1920\" height=\"1080\" srcset=\"https:\/\/theathenanet.org\/wp-content\/uploads\/2025\/09\/3.jpg 1920w, https:\/\/theathenanet.org\/wp-content\/uploads\/2025\/09\/3-300x169.jpg 300w, https:\/\/theathenanet.org\/wp-content\/uploads\/2025\/09\/3-1024x576.jpg 1024w, https:\/\/theathenanet.org\/wp-content\/uploads\/2025\/09\/3-768x432.jpg 768w, https:\/\/theathenanet.org\/wp-content\/uploads\/2025\/09\/3-1536x864.jpg 1536w, https:\/\/theathenanet.org\/wp-content\/uploads\/2025\/09\/3-18x10.jpg 18w\" sizes=\"auto, (max-width: 1920px) 100vw, 1920px\" \/><\/span><\/figure><\/div>\n<\/div><\/div><\/div>\n\n\n\n<div class=\"wp-block-stackable-column stk-block-column stk-column stk-block stk-a0a05f3\" data-v=\"4\" data-block-id=\"a0a05f3\"><div class=\"stk-column-wrapper stk-block-column__content stk-container stk-a0a05f3-container stk--no-background stk--no-padding\"><div class=\"stk-block-content stk-inner-blocks stk-a0a05f3-inner-blocks\">\n<div class=\"wp-block-stackable-image stk-block-image stk-block stk-1a6b722\" data-block-id=\"1a6b722\"><figure><span class=\"stk-img-wrapper stk-image--shape-stretch\"><img loading=\"lazy\" decoding=\"async\" class=\"stk-img wp-image-3038\" src=\"https:\/\/theathenanet.org\/wp-content\/uploads\/2025\/09\/4.jpg\" width=\"1920\" height=\"1080\" srcset=\"https:\/\/theathenanet.org\/wp-content\/uploads\/2025\/09\/4.jpg 1920w, https:\/\/theathenanet.org\/wp-content\/uploads\/2025\/09\/4-300x169.jpg 300w, https:\/\/theathenanet.org\/wp-content\/uploads\/2025\/09\/4-1024x576.jpg 1024w, https:\/\/theathenanet.org\/wp-content\/uploads\/2025\/09\/4-768x432.jpg 768w, https:\/\/theathenanet.org\/wp-content\/uploads\/2025\/09\/4-1536x864.jpg 1536w, https:\/\/theathenanet.org\/wp-content\/uploads\/2025\/09\/4-18x10.jpg 18w\" sizes=\"auto, (max-width: 1920px) 100vw, 1920px\" \/><\/span><\/figure><\/div>\n<\/div><\/div><\/div>\n<\/div><\/div>\n<\/div><\/div><\/div>\n<\/div><\/div>\n\n\n\n<div class=\"wp-block-stackable-subtitle stk-block-subtitle stk-block stk-e24ea4d stk-block-background\" data-block-id=\"e24ea4d\"><style>.stk-e24ea4d{background-color:#fff08c !important;align-items:flex-start !important;margin-bottom:0px !important;display:flex !important}.stk-e24ea4d:before{background-color:#fff08c !important}.stk-e24ea4d .stk-block-subtitle__text{color:#030303 !important}<\/style><p class=\"stk-block-subtitle__text stk-subtitle has-text-color has-text-align-left\"><strong>Activities<\/strong><\/p><\/div>\n\n\n\n<div class=\"wp-block-stackable-text stk-block-text stk-block stk-afdf9ba stk-block-background\" data-block-id=\"afdf9ba\"><style>.stk-afdf9ba{background-color:#fff08c !important;margin-bottom:0px !important;column-count:2 !important}.stk-afdf9ba:before{background-color:#fff08c !important}.stk-afdf9ba .stk-block-text__text{color:#0e0e0e !important}<\/style><p class=\"stk-block-text__text has-text-color\"><strong>Master lectures:<\/strong> World leaders will share their knowledge and experiences.<br><strong>Interactive Workshops.<\/strong> Acquire new skills and practical strategies<br><strong>Networking<\/strong> Connect with professionals and global organisations.<br><strong>Research and Debates<\/strong> Discover the latest research and engage in critical debates.<\/p><\/div>\n\n\n\n<div class=\"wp-block-stackable-subtitle stk-block-subtitle stk-block stk-d3bf85a stk-block-background\" data-block-id=\"d3bf85a\"><style>.stk-d3bf85a{background-color:#7cc44a !important;align-items:center !important;margin-bottom:0px !important;display:flex !important}.stk-d3bf85a:before{background-color:#7cc44a !important}.stk-d3bf85a .stk-block-subtitle__text{color:#070707 !important}<\/style><p class=\"stk-block-subtitle__text stk-subtitle has-text-color has-text-align-left\"><strong>Key Topics<\/strong><\/p><\/div>\n\n\n\n<div class=\"wp-block-stackable-text stk-block-text stk-block stk-b480872 stk-block-background\" data-block-id=\"b480872\"><style>.stk-b480872{background-color:#7cc44a !important;margin-bottom:0px !important;column-count:2 !important;column-gap:50px !important}.stk-b480872:before{background-color:#7cc44a !important}.stk-b480872 .stk-block-text__text{color:#050505 !important}<\/style><p class=\"stk-block-text__text has-text-color has-text-align-left\">Psychological Impact of Migration<br>Intervention strategies and community support<br>Mental health policies in migration contexts<br>Cultural integration experiences<br>Human rights and mental health<\/p><\/div>\n\n\n\n<div class=\"wp-block-stackable-subtitle stk-block-subtitle stk-block stk-2816a18 stk-block-background\" data-block-id=\"2816a18\"><style>.stk-2816a18{background-color:#b0c4de !important;margin-bottom:0px !important}.stk-2816a18:before{background-color:#b0c4de !important}<\/style><p class=\"stk-block-subtitle__text stk-subtitle\"><strong>Who is it for?<\/strong><\/p><\/div>\n\n\n\n<div class=\"wp-block-stackable-text stk-block-text stk-block stk-fce1330 stk-block-background\" data-block-id=\"fce1330\"><style>.stk-fce1330{background-color:#b0c4de !important}.stk-fce1330:before{background-color:#b0c4de !important}<\/style><p class=\"stk-block-text__text\">Mental health professionals<br>Researchers and academics<br>Community leaders and activists<br>Students and young professionals<br>NGO Representatives<br>Public employee<\/p><\/div>\n\n\n\n<div class=\"wp-block-stackable-text stk-block-text stk-block stk-3c5fe73 stk-block-background\" data-block-id=\"3c5fe73\"><style>.stk-3c5fe73{background-color:#f2c849 !important}.stk-3c5fe73:before{background-color:#f2c849 !important}.stk-3c5fe73 .stk-block-text__text{color:#0e0e0e !important}<\/style><p class=\"stk-block-text__text has-text-color has-text-align-center\"><strong>We look forward to building a more understanding and supportive future together!<\/strong><\/p><\/div>\n\n\n\n<p><\/p>","protected":false},"excerpt":{"rendered":"<p>\u00a1\u00danete al evento global del a\u00f1o! Te invitamos al XV Congreso Internacional sobre Migraci\u00f3n y Salud Mental, donde expertos, profesionales y activistas se reunir\u00e1n para abordar los desaf\u00edos y oportunidades en la intersecci\u00f3n de la migraci\u00f3n y la salud mental. Actividades Conferencias Magistrales: L\u00edderes mundiales compartir\u00e1n sus conocimientos y experiencias.Talleres Interactivos: Adquiere nuevas habilidades y [&hellip;]<\/p>","protected":false},"author":1,"featured_media":0,"parent":0,"menu_order":0,"comment_status":"closed","ping_status":"closed","template":"","meta":{"footnotes":""},"class_list":["post-1904","page","type-page","status-publish","hentry"],"blocksy_meta":[],"_links":{"self":[{"href":"https:\/\/theathenanet.org\/en\/wp-json\/wp\/v2\/pages\/1904","targetHints":{"allow":["GET"]}}],"collection":[{"href":"https:\/\/theathenanet.org\/en\/wp-json\/wp\/v2\/pages"}],"about":[{"href":"https:\/\/theathenanet.org\/en\/wp-json\/wp\/v2\/types\/page"}],"author":[{"embeddable":true,"href":"https:\/\/theathenanet.org\/en\/wp-json\/wp\/v2\/users\/1"}],"replies":[{"embeddable":true,"href":"https:\/\/theathenanet.org\/en\/wp-json\/wp\/v2\/comments?post=1904"}],"version-history":[{"count":89,"href":"https:\/\/theathenanet.org\/en\/wp-json\/wp\/v2\/pages\/1904\/revisions"}],"predecessor-version":[{"id":3212,"href":"https:\/\/theathenanet.org\/en\/wp-json\/wp\/v2\/pages\/1904\/revisions\/3212"}],"wp:attachment":[{"href":"https:\/\/theathenanet.org\/en\/wp-json\/wp\/v2\/media?parent=1904"}],"curies":[{"name":"wp","href":"https:\/\/api.w.org\/{rel}","templated":true}]}}