{"id":2656,"date":"2025-05-03T05:21:56","date_gmt":"2025-05-03T05:21:56","guid":{"rendered":"https:\/\/theathenanet.org\/?page_id=2656"},"modified":"2025-10-04T04:37:02","modified_gmt":"2025-10-04T04:37:02","slug":"donde-estamos","status":"publish","type":"page","link":"https:\/\/theathenanet.org\/en\/donde-estamos\/","title":{"rendered":"Where We Are +"},"content":{"rendered":"<section style=\"background:#f8fff8; padding:50px 20px; text-align:center; overflow:hidden;\">\n  <h2 style=\"color:#006400; font-size:2rem; margin-bottom:30px;\">Where We Are<\/h2>\n  \n  <div style=\"display:flex; gap:50px; animation:scrollFlags 25s linear infinite; width:max-content; margin:0 auto;\">\n    \n    <div style=\"flex:0 0 auto; text-align:center;\">\n      <img decoding=\"async\" src=\"https:\/\/flagcdn.com\/w80\/de.png\" alt=\"Alemania\" style=\"width:80px; margin-bottom:8px;\">\n      <p style=\"font-size:0.9rem; color:#333;\">Germany<\/p>\n    <\/div>\n    \n    <div style=\"flex:0 0 auto; text-align:center;\">\n      <img decoding=\"async\" src=\"https:\/\/flagcdn.com\/w80\/cm.png\" alt=\"Camer\u00fan\" style=\"width:80px; margin-bottom:8px;\">\n      <p style=\"font-size:0.9rem; color:#333;\">Cameroon<\/p>\n    <\/div>\n    \n    <div style=\"flex:0 0 auto; text-align:center;\">\n      <img decoding=\"async\" src=\"https:\/\/flagcdn.com\/w80\/ca.png\" alt=\"Canad\u00e1\" style=\"width:80px; margin-bottom:8px;\">\n      <p style=\"font-size:0.9rem; color:#333;\">Canada<\/p>\n    <\/div>\n    \n    <div style=\"flex:0 0 auto; text-align:center;\">\n      <img decoding=\"async\" src=\"https:\/\/flagcdn.com\/w80\/cl.png\" alt=\"Chile\" style=\"width:80px; margin-bottom:8px;\">\n      <p style=\"font-size:0.9rem; color:#333;\">Chile<\/p>\n    <\/div>\n    \n    <div style=\"flex:0 0 auto; text-align:center;\">\n      <img decoding=\"async\" src=\"https:\/\/flagcdn.com\/w80\/ec.png\" alt=\"Ecuador\" style=\"width:80px; margin-bottom:8px;\">\n      <p style=\"font-size:0.9rem; color:#333;\">Ecuador<\/p>\n    <\/div>\n    \n    <div style=\"flex:0 0 auto; text-align:center;\">\n      <img decoding=\"async\" src=\"https:\/\/flagcdn.com\/w80\/es.png\" alt=\"Espa\u00f1a\" style=\"width:80px; margin-bottom:8px;\">\n      <p style=\"font-size:0.9rem; color:#333;\">Spain<\/p>\n    <\/div>\n    \n    <div style=\"flex:0 0 auto; text-align:center;\">\n      <img decoding=\"async\" src=\"https:\/\/flagcdn.com\/w80\/us.png\" alt=\"Estados Unidos\" style=\"width:80px; margin-bottom:8px;\">\n      <p style=\"font-size:0.9rem; color:#333;\">USA<\/p>\n    <\/div>\n    \n    <div style=\"flex:0 0 auto; text-align:center;\">\n      <img decoding=\"async\" src=\"https:\/\/flagcdn.com\/w80\/fr.png\" alt=\"Francia\" style=\"width:80px; margin-bottom:8px;\">\n      <p style=\"font-size:0.9rem; color:#333;\">France<\/p>\n    <\/div>\n    \n    <div style=\"flex:0 0 auto; text-align:center;\">\n      <img decoding=\"async\" src=\"https:\/\/flagcdn.com\/w80\/it.png\" alt=\"Italia\" style=\"width:80px; margin-bottom:8px;\">\n      <p style=\"font-size:0.9rem; color:#333;\">Italy<\/p>\n    <\/div>\n    \n    <div style=\"flex:0 0 auto; text-align:center;\">\n      <img decoding=\"async\" src=\"https:\/\/flagcdn.com\/w80\/jp.png\" alt=\"Jap\u00f3n\" style=\"width:80px; margin-bottom:8px;\">\n      <p style=\"font-size:0.9rem; color:#333;\">Japan<\/p>\n    <\/div>\n    \n    <div style=\"flex:0 0 auto; text-align:center;\">\n      <img decoding=\"async\" src=\"https:\/\/flagcdn.com\/w80\/mx.png\" alt=\"M\u00e9xico\" style=\"width:80px; margin-bottom:8px;\">\n      <p style=\"font-size:0.9rem; color:#333;\">Mexico<\/p>\n    <\/div>\n    \n    <div style=\"flex:0 0 auto; text-align:center;\">\n      <img decoding=\"async\" src=\"https:\/\/flagcdn.com\/w80\/gb.png\" alt=\"Reino Unido\" style=\"width:80px; margin-bottom:8px;\">\n      <p style=\"font-size:0.9rem; color:#333;\">United Kingdom<\/p>\n    <\/div>\n    \n    <div style=\"flex:0 0 auto; text-align:center;\">\n      <img decoding=\"async\" src=\"https:\/\/upload.wikimedia.org\/wikipedia\/commons\/2\/2e\/Flag_Republica Arabe Saharaui Democratica.svg\" alt=\"RASD\" style=\"width:80px; margin-bottom:8px;\">\n      <p style=\"font-size:0.9rem; color:#333;\">RASD<\/p>\n    <\/div>\n    \n  <\/div>\n<\/section>\n\n<style>\n@keyframes scrollFlags {\n  0% { transform: translateX(0); }\n  100% { transform: translateX(-50%); }\n}\n<\/style>","protected":false},"excerpt":{"rendered":"<p>D\u00f3nde estamos Alemania Camer\u00fan Canad\u00e1 Chile Ecuador Espa\u00f1a Estados Unidos Francia Italia Jap\u00f3n M\u00e9xico Reino Unido RASD<\/p>","protected":false},"author":1,"featured_media":0,"parent":0,"menu_order":0,"comment_status":"closed","ping_status":"closed","template":"","meta":{"footnotes":""},"class_list":["post-2656","page","type-page","status-publish","hentry"],"blocksy_meta":[],"_links":{"self":[{"href":"https:\/\/theathenanet.org\/en\/wp-json\/wp\/v2\/pages\/2656","targetHints":{"allow":["GET"]}}],"collection":[{"href":"https:\/\/theathenanet.org\/en\/wp-json\/wp\/v2\/pages"}],"about":[{"href":"https:\/\/theathenanet.org\/en\/wp-json\/wp\/v2\/types\/page"}],"author":[{"embeddable":true,"href":"https:\/\/theathenanet.org\/en\/wp-json\/wp\/v2\/users\/1"}],"replies":[{"embeddable":true,"href":"https:\/\/theathenanet.org\/en\/wp-json\/wp\/v2\/comments?post=2656"}],"version-history":[{"count":10,"href":"https:\/\/theathenanet.org\/en\/wp-json\/wp\/v2\/pages\/2656\/revisions"}],"predecessor-version":[{"id":3336,"href":"https:\/\/theathenanet.org\/en\/wp-json\/wp\/v2\/pages\/2656\/revisions\/3336"}],"wp:attachment":[{"href":"https:\/\/theathenanet.org\/en\/wp-json\/wp\/v2\/media?parent=2656"}],"curies":[{"name":"wp","href":"https:\/\/api.w.org\/{rel}","templated":true}]}}