{"id":2663,"date":"2025-05-03T05:40:50","date_gmt":"2025-05-03T05:40:50","guid":{"rendered":"https:\/\/theathenanet.org\/?page_id=2663"},"modified":"2025-05-06T15:00:43","modified_gmt":"2025-05-06T15:00:43","slug":"alemania","status":"publish","type":"page","link":"https:\/\/theathenanet.org\/en\/alemania\/","title":{"rendered":"Germany"},"content":{"rendered":"<div class=\"wp-block-stackable-columns stk-block-columns stk-block stk-ee23b09\" data-block-id=\"ee23b09\"><div class=\"stk-row stk-inner-blocks stk-block-content stk-content-align stk-ee23b09-column\">\n<div class=\"wp-block-stackable-column stk-block-column stk-column stk-block stk-7d1f924\" data-v=\"4\" data-block-id=\"7d1f924\"><style>@media screen and (min-width:768px){.stk-7d1f924{flex:var(--stk-flex-grow,1) 1 calc(45.5% - var(--stk-column-gap,0px) * 1 \/ 2 ) !important}}<\/style><div class=\"stk-column-wrapper stk-block-column__content stk-container stk-7d1f924-container stk--no-background stk--no-padding\"><div class=\"stk-block-content stk-inner-blocks stk-7d1f924-inner-blocks\">\n<div class=\"wp-block-stackable-image stk-block-image has-text-align-center stk-block stk-22d6adb\" data-block-id=\"22d6adb\"><style>.stk-22d6adb .stk-img-wrapper{width:50% !important}<\/style><figure><span class=\"stk-img-wrapper stk-image--shape-stretch\"><img loading=\"lazy\" decoding=\"async\" class=\"stk-img wp-image-2697\" src=\"https:\/\/theathenanet.org\/wp-content\/uploads\/2025\/05\/Copia-de-Ponentes24.jpg\" width=\"1080\" height=\"1080\" srcset=\"https:\/\/theathenanet.org\/wp-content\/uploads\/2025\/05\/Copia-de-Ponentes24.jpg 1080w, https:\/\/theathenanet.org\/wp-content\/uploads\/2025\/05\/Copia-de-Ponentes24-300x300.jpg 300w, https:\/\/theathenanet.org\/wp-content\/uploads\/2025\/05\/Copia-de-Ponentes24-1024x1024.jpg 1024w, https:\/\/theathenanet.org\/wp-content\/uploads\/2025\/05\/Copia-de-Ponentes24-150x150.jpg 150w, https:\/\/theathenanet.org\/wp-content\/uploads\/2025\/05\/Copia-de-Ponentes24-768x768.jpg 768w, https:\/\/theathenanet.org\/wp-content\/uploads\/2025\/05\/Copia-de-Ponentes24-12x12.jpg 12w\" sizes=\"auto, (max-width: 1080px) 100vw, 1080px\" \/><\/span><\/figure><\/div>\n<\/div><\/div><\/div>\n\n\n\n<div class=\"wp-block-stackable-column stk-block-column stk-column stk-block stk-0924d5f\" data-v=\"4\" data-block-id=\"0924d5f\"><style>@media screen and (min-width:768px){.stk-0924d5f{flex:var(--stk-flex-grow,1) 1 calc(54.5% - var(--stk-column-gap,0px) * 1 \/ 2 ) !important}}<\/style><div class=\"stk-column-wrapper stk-block-column__content stk-container stk-0924d5f-container stk--no-background stk--no-padding\"><div class=\"stk-block-content stk-inner-blocks stk-0924d5f-inner-blocks\">\n<div class=\"wp-block-stackable-text stk-block-text stk-block stk-f1f3afc\" data-block-id=\"f1f3afc\"><style>.stk-f1f3afc{margin-bottom:0px !important}.stk-f1f3afc .stk-block-text__text{font-size:25px !important}@media screen and (max-width:1023px){.stk-f1f3afc .stk-block-text__text{font-size:25px !important}}<\/style><p class=\"stk-block-text__text has-text-align-left\"><strong>Renato Malca<\/strong><\/p><\/div>\n\n\n\n<div class=\"wp-block-stackable-text stk-block-text stk-block stk-0e6c865\" data-block-id=\"0e6c865\"><style>.stk-0e6c865{margin-bottom:12px !important}.stk-0e6c865 .stk-block-text__text{font-size:16px !important}@media screen and (max-width:1023px){.stk-0e6c865 .stk-block-text__text{font-size:16px !important}}<\/style><p class=\"stk-block-text__text has-text-align-justify\">Professionally, I am a qualified psychologist (Peru), specialising in systemic intra-family interventions (Spain). I hold a Master\u2019s degree in Participatory Action Research in Psychosocial Development (Spain) and trained as a psychotherapist specialising in trauma and grief treatment for children, adolescents, and adults, using EMDR (Eye Movement Desensitisation and Reprocessing). This technique is particularly applied to treat attachment-related trauma and identity issues.\n\nAdditionally, I am certified as a Family and Intercultural Mediator (Germany). Based in Bonn, Germany, I practise across multiple German cities.\n\nWith many years of experience in psychology and mediation, I have supported individuals of diverse generations through their individual and family psychological processes. I continue to work professionally in the psychosocial and socio-educational field, collaborating with social, educational, and cultural groups.<\/p><\/div>\n\n\n\n<div class=\"wp-block-stackable-text stk-block-text stk-block stk-7e1bbb3\" data-block-id=\"7e1bbb3\"><style>.stk-7e1bbb3{margin-bottom:0px !important}<\/style><p class=\"stk-block-text__text\"><strong>Mail<\/strong>: alasmigratorias2000@gmail.com <\/p><\/div>\n\n\n\n<div class=\"wp-block-stackable-text stk-block-text stk-block stk-186c8f0\" data-block-id=\"186c8f0\"><style>.stk-186c8f0{margin-bottom:0px !important}<\/style><p class=\"stk-block-text__text\"><strong>Phone<\/strong>: +49 17 7929 5197<\/p><\/div>\n<\/div><\/div><\/div>\n<\/div><\/div>\n\n\n\n<p><\/p>","protected":false},"excerpt":{"rendered":"<p>Renato Malca Profesionalmente, soy psic\u00f3logo de formaci\u00f3n (Per\u00fa), especializado en las intervenciones sist\u00e9micas intrafamiliares (Espa\u00f1a). Master en investigaci\u00f3n-acci\u00f3n participativa en el desarrollo psicosocial. (Espa\u00f1a). Asimismo, me form\u00e9 como psicoterap\u00e9uta especializado en el tratamiento de traumas y duelo tanto con ni\u00f1os, adolescentes como adultos, empleando la t\u00e9cnica psicoterap\u00e9utica de EMDR (Eyes Movement Desensitization and Reprocessing). Este [&hellip;]<\/p>","protected":false},"author":1,"featured_media":0,"parent":0,"menu_order":0,"comment_status":"closed","ping_status":"closed","template":"","meta":{"footnotes":""},"class_list":["post-2663","page","type-page","status-publish","hentry"],"blocksy_meta":[],"_links":{"self":[{"href":"https:\/\/theathenanet.org\/en\/wp-json\/wp\/v2\/pages\/2663","targetHints":{"allow":["GET"]}}],"collection":[{"href":"https:\/\/theathenanet.org\/en\/wp-json\/wp\/v2\/pages"}],"about":[{"href":"https:\/\/theathenanet.org\/en\/wp-json\/wp\/v2\/types\/page"}],"author":[{"embeddable":true,"href":"https:\/\/theathenanet.org\/en\/wp-json\/wp\/v2\/users\/1"}],"replies":[{"embeddable":true,"href":"https:\/\/theathenanet.org\/en\/wp-json\/wp\/v2\/comments?post=2663"}],"version-history":[{"count":13,"href":"https:\/\/theathenanet.org\/en\/wp-json\/wp\/v2\/pages\/2663\/revisions"}],"predecessor-version":[{"id":2875,"href":"https:\/\/theathenanet.org\/en\/wp-json\/wp\/v2\/pages\/2663\/revisions\/2875"}],"wp:attachment":[{"href":"https:\/\/theathenanet.org\/en\/wp-json\/wp\/v2\/media?parent=2663"}],"curies":[{"name":"wp","href":"https:\/\/api.w.org\/{rel}","templated":true}]}}