{"id":2665,"date":"2025-05-03T05:41:29","date_gmt":"2025-05-03T05:41:29","guid":{"rendered":"https:\/\/theathenanet.org\/?page_id=2665"},"modified":"2025-05-03T16:31:05","modified_gmt":"2025-05-03T16:31:05","slug":"canada","status":"publish","type":"page","link":"https:\/\/theathenanet.org\/en\/canada\/","title":{"rendered":"Canada"},"content":{"rendered":"<div class=\"wp-block-stackable-columns stk-block-columns stk-block stk-c0d8756\" data-block-id=\"c0d8756\"><div class=\"stk-row stk-inner-blocks stk-block-content stk-content-align stk-c0d8756-column\">\n<div class=\"wp-block-stackable-column stk-block-column stk-column stk-block stk-c29f20f\" data-v=\"4\" data-block-id=\"c29f20f\"><div class=\"stk-column-wrapper stk-block-column__content stk-container stk-c29f20f-container stk--no-background stk--no-padding\"><div class=\"stk-block-content stk-inner-blocks stk-c29f20f-inner-blocks\">\n<div class=\"wp-block-stackable-image stk-block-image stk-block stk-7466bd5\" data-block-id=\"7466bd5\"><style>.stk-7466bd5 .stk-img-wrapper{width:50% !important}<\/style><figure><span class=\"stk-img-wrapper stk-image--shape-stretch\"><img loading=\"lazy\" decoding=\"async\" class=\"stk-img wp-image-2692\" src=\"https:\/\/theathenanet.org\/wp-content\/uploads\/2025\/05\/3.jpg\" width=\"1080\" height=\"1080\" srcset=\"https:\/\/theathenanet.org\/wp-content\/uploads\/2025\/05\/3.jpg 1080w, https:\/\/theathenanet.org\/wp-content\/uploads\/2025\/05\/3-300x300.jpg 300w, https:\/\/theathenanet.org\/wp-content\/uploads\/2025\/05\/3-1024x1024.jpg 1024w, https:\/\/theathenanet.org\/wp-content\/uploads\/2025\/05\/3-150x150.jpg 150w, https:\/\/theathenanet.org\/wp-content\/uploads\/2025\/05\/3-768x768.jpg 768w, https:\/\/theathenanet.org\/wp-content\/uploads\/2025\/05\/3-12x12.jpg 12w\" sizes=\"auto, (max-width: 1080px) 100vw, 1080px\" \/><\/span><\/figure><\/div>\n<\/div><\/div><\/div>\n\n\n\n<div class=\"wp-block-stackable-column stk-block-column stk-column stk-block stk-f40c9fe\" data-v=\"4\" data-block-id=\"f40c9fe\"><div class=\"stk-column-wrapper stk-block-column__content stk-container stk-f40c9fe-container stk--no-background stk--no-padding\"><div class=\"stk-block-content stk-inner-blocks stk-f40c9fe-inner-blocks\">\n<div class=\"wp-block-stackable-heading stk-block-heading stk-block-heading--v2 stk-block stk-a5a4ffe\" id=\"myriam-vargas-de-luna\" data-block-id=\"a5a4ffe\"><style>.stk-a5a4ffe{margin-bottom:1px !important}.stk-a5a4ffe .stk-block-heading__text{font-size:26px !important}@media screen and (max-width:1023px){.stk-a5a4ffe .stk-block-heading__text{font-size:26px !important}}<\/style><h2 class=\"stk-block-heading__text\">Myriam Vargas de Luna<\/h2><\/div>\n\n\n\n<div class=\"wp-block-stackable-text stk-block-text stk-block stk-9682fba\" data-block-id=\"9682fba\"><p class=\"stk-block-text__text has-text-align-justify\">Myriam is a Mexican psychologist and psychoanalyst. Based in Canada since 2004, she practises in Montreal, Quebec, providing psychotherapy primarily to asylum seekers. She is a member of the Atenea International Network (Red Internacional Atenea).\n\nAs a social innovation entrepreneur, she is currently developing CASA (Psychological Support Centre for Asylum Seekers \/ Centro de acompa\u00f1amiento psicol\u00f3gico para personas que solicitan asilo), a project dedicated to mental health advocacy for displaced individuals.<\/p><\/div>\n\n\n\n<div class=\"wp-block-stackable-text stk-block-text stk-block stk-181a36d\" data-block-id=\"181a36d\"><p class=\"stk-block-text__text\">Mail:vargasmyriam@yahoo.com<br>Phone: +819 918 4731<br><\/p><\/div>\n<\/div><\/div><\/div>\n<\/div><\/div>\n\n\n\n<p><\/p>","protected":false},"excerpt":{"rendered":"<p>Myriam Vargas de Luna Myriam es psic\u00f3loga y psicoanalista mexicana. Reside en Canad\u00e1 desde el 2004 y ejerce su profesi\u00f3n en Montreal, Quebec ofreciendo psicoterapia principalmente a personas solicitantes de asilo. Es socia de la Red Internacional Atenea. Tambi\u00e9n es empresaria en innovaci\u00f3n social y actualmente se encuentra desarrollando el proyecto CASA (Centro de acompa\u00f1amiento [&hellip;]<\/p>","protected":false},"author":1,"featured_media":0,"parent":0,"menu_order":0,"comment_status":"closed","ping_status":"closed","template":"","meta":{"footnotes":""},"class_list":["post-2665","page","type-page","status-publish","hentry"],"blocksy_meta":[],"_links":{"self":[{"href":"https:\/\/theathenanet.org\/en\/wp-json\/wp\/v2\/pages\/2665","targetHints":{"allow":["GET"]}}],"collection":[{"href":"https:\/\/theathenanet.org\/en\/wp-json\/wp\/v2\/pages"}],"about":[{"href":"https:\/\/theathenanet.org\/en\/wp-json\/wp\/v2\/types\/page"}],"author":[{"embeddable":true,"href":"https:\/\/theathenanet.org\/en\/wp-json\/wp\/v2\/users\/1"}],"replies":[{"embeddable":true,"href":"https:\/\/theathenanet.org\/en\/wp-json\/wp\/v2\/comments?post=2665"}],"version-history":[{"count":7,"href":"https:\/\/theathenanet.org\/en\/wp-json\/wp\/v2\/pages\/2665\/revisions"}],"predecessor-version":[{"id":2729,"href":"https:\/\/theathenanet.org\/en\/wp-json\/wp\/v2\/pages\/2665\/revisions\/2729"}],"wp:attachment":[{"href":"https:\/\/theathenanet.org\/en\/wp-json\/wp\/v2\/media?parent=2665"}],"curies":[{"name":"wp","href":"https:\/\/api.w.org\/{rel}","templated":true}]}}