{"id":2668,"date":"2025-05-03T05:42:50","date_gmt":"2025-05-03T05:42:50","guid":{"rendered":"https:\/\/theathenanet.org\/?page_id=2668"},"modified":"2025-07-25T12:01:00","modified_gmt":"2025-07-25T12:01:00","slug":"espana","status":"publish","type":"page","link":"https:\/\/theathenanet.org\/en\/espana\/","title":{"rendered":"Spain"},"content":{"rendered":"<div class=\"wp-block-stackable-columns stk-block-columns stk-block stk-c5ec4f1\" data-block-id=\"c5ec4f1\"><div class=\"stk-row stk-inner-blocks stk-block-content stk-content-align stk-c5ec4f1-column\">\n<div class=\"wp-block-stackable-column stk-block-column stk-column stk-block stk-f703ec4\" data-v=\"4\" data-block-id=\"f703ec4\"><div class=\"stk-column-wrapper stk-block-column__content stk-container stk-f703ec4-container stk--no-background stk--no-padding\"><div class=\"stk-block-content stk-inner-blocks stk-f703ec4-inner-blocks\">\n<div class=\"wp-block-stackable-image stk-block-image stk-block stk-51f9044\" data-block-id=\"51f9044\"><style>.stk-51f9044 .stk-img-wrapper{width:60% !important}<\/style><figure><span class=\"stk-img-wrapper stk-image--shape-stretch\"><img loading=\"lazy\" decoding=\"async\" class=\"stk-img wp-image-2690\" src=\"https:\/\/theathenanet.org\/wp-content\/uploads\/2025\/05\/1.jpg\" width=\"1080\" height=\"1080\" srcset=\"https:\/\/theathenanet.org\/wp-content\/uploads\/2025\/05\/1.jpg 1080w, https:\/\/theathenanet.org\/wp-content\/uploads\/2025\/05\/1-300x300.jpg 300w, https:\/\/theathenanet.org\/wp-content\/uploads\/2025\/05\/1-1024x1024.jpg 1024w, https:\/\/theathenanet.org\/wp-content\/uploads\/2025\/05\/1-150x150.jpg 150w, https:\/\/theathenanet.org\/wp-content\/uploads\/2025\/05\/1-768x768.jpg 768w, https:\/\/theathenanet.org\/wp-content\/uploads\/2025\/05\/1-12x12.jpg 12w\" sizes=\"auto, (max-width: 1080px) 100vw, 1080px\" \/><\/span><\/figure><\/div>\n<\/div><\/div><\/div>\n\n\n\n<div class=\"wp-block-stackable-column stk-block-column stk-column stk-block stk-f30cbde\" data-v=\"4\" data-block-id=\"f30cbde\"><div class=\"stk-column-wrapper stk-block-column__content stk-container stk-f30cbde-container stk--no-background stk--no-padding\"><div class=\"stk-block-content stk-inner-blocks stk-f30cbde-inner-blocks\">\n<div class=\"wp-block-stackable-text stk-block-text stk-block stk-282e594\" data-block-id=\"282e594\"><style>.stk-282e594{margin-bottom:0px !important}.stk-282e594 .stk-block-text__text{font-size:25px !important}@media screen and (max-width:1023px){.stk-282e594 .stk-block-text__text{font-size:25px !important}}<\/style><p class=\"stk-block-text__text\"><strong>Joseba Achotegui Loizate<\/strong><\/p><\/div>\n\n\n\n<div class=\"wp-block-stackable-text stk-block-text stk-block stk-58f3411\" data-block-id=\"58f3411\"><style>.stk-58f3411{margin-bottom:0px !important}<\/style><p class=\"stk-block-text__text has-text-align-justify\">Jos\u00e9ba Achotegui. Durango, 1952. Psychiatrist and psychotherapist. Tenured Professor of Psychotherapy Techniques at the University of Barcelona. Re-elected Secretary General of the Transcultural Psychiatry Section of the World Psychiatric Association. In 2002, he described Ulysses Syndrome (or Chronic and Multiple Stress Syndrome), and in 2027, he developed the Kayak Test for assessing stress and grief processing.\n\nHe has delivered lectures and courses at the University of California, Berkeley; Stanford; UC Davis (Sacramento); San Francisco; Tokyo; Oxford; New York; Paris V; Bogot\u00e1; Queen Mary (London); the Urbaniana University (Rome); and Puebla (Mexico), among others.\n\nIn 2019, he received the Health Initiative of the Americas Award from UC Berkeley for his professional and research career. Other accolades include the Medical Excellence Award from the College of Physicians of Barcelona (2017) and the Solidarity Award from the Parliament of Catalonia (1998). <\/p><\/div>\n\n\n\n<div class=\"wp-block-stackable-text stk-block-text stk-block stk-e6bb4c1\" data-block-id=\"e6bb4c1\"><style>.stk-e6bb4c1{margin-bottom:0px !important}<\/style><p class=\"stk-block-text__text\"><strong>Mail:<\/strong> jachoteguil@gmail.com<\/p><\/div>\n\n\n\n<div class=\"wp-block-stackable-text stk-block-text stk-block stk-7bc1ac9\" data-block-id=\"7bc1ac9\"><p class=\"stk-block-text__text\"><strong>Phone<\/strong>: +34 609 063 433<\/p><\/div>\n<\/div><\/div><\/div>\n<\/div><\/div>\n\n\n\n<div class=\"wp-block-stackable-divider stk-block-divider stk-block stk-9ea04af\" data-block-id=\"9ea04af\"><style>.stk-9ea04af{margin-bottom:10px !important}<\/style><hr class=\"stk-block-divider__hr\"\/><\/div>\n\n\n\n<div class=\"wp-block-stackable-columns stk-block-columns stk-block stk-0d58c00\" data-block-id=\"0d58c00\"><div class=\"stk-row stk-inner-blocks stk-block-content stk-content-align stk-0d58c00-column\">\n<div class=\"wp-block-stackable-column stk-block-column stk-column stk-block stk-da695e2\" data-v=\"4\" data-block-id=\"da695e2\"><div class=\"stk-column-wrapper stk-block-column__content stk-container stk-da695e2-container stk--no-background stk--no-padding\"><div class=\"stk-block-content stk-inner-blocks stk-da695e2-inner-blocks\">\n<div class=\"wp-block-stackable-image stk-block-image stk-block stk-5691ba7\" data-block-id=\"5691ba7\"><style>.stk-5691ba7 .stk-img-wrapper{width:50% !important}<\/style><figure><span class=\"stk-img-wrapper stk-image--shape-stretch\"><img loading=\"lazy\" decoding=\"async\" class=\"stk-img wp-image-2693\" src=\"https:\/\/theathenanet.org\/wp-content\/uploads\/2025\/05\/4.jpg\" width=\"1080\" height=\"1080\" srcset=\"https:\/\/theathenanet.org\/wp-content\/uploads\/2025\/05\/4.jpg 1080w, https:\/\/theathenanet.org\/wp-content\/uploads\/2025\/05\/4-300x300.jpg 300w, https:\/\/theathenanet.org\/wp-content\/uploads\/2025\/05\/4-1024x1024.jpg 1024w, https:\/\/theathenanet.org\/wp-content\/uploads\/2025\/05\/4-150x150.jpg 150w, https:\/\/theathenanet.org\/wp-content\/uploads\/2025\/05\/4-768x768.jpg 768w, https:\/\/theathenanet.org\/wp-content\/uploads\/2025\/05\/4-12x12.jpg 12w\" sizes=\"auto, (max-width: 1080px) 100vw, 1080px\" \/><\/span><\/figure><\/div>\n<\/div><\/div><\/div>\n\n\n\n<div class=\"wp-block-stackable-column stk-block-column stk-column stk-block stk-bf43e1a\" data-v=\"4\" data-block-id=\"bf43e1a\"><div class=\"stk-column-wrapper stk-block-column__content stk-container stk-bf43e1a-container stk--no-background stk--no-padding\"><div class=\"stk-block-content stk-inner-blocks stk-bf43e1a-inner-blocks\">\n<div class=\"wp-block-stackable-text stk-block-text stk-block stk-6725442\" data-block-id=\"6725442\"><style>.stk-6725442{margin-bottom:0px !important}.stk-6725442 .stk-block-text__text{font-size:25px !important}@media screen and (max-width:1023px){.stk-6725442 .stk-block-text__text{font-size:25px !important}}<\/style><p class=\"stk-block-text__text\"><strong>Dori Espeso Montagud<\/strong><\/p><\/div>\n\n\n\n<div class=\"wp-block-stackable-text stk-block-text stk-block stk-ba9db70\" data-block-id=\"ba9db70\"><p class=\"stk-block-text__text has-text-align-justify\">A dedicated mental health professional with international training from the University of Valencia (Spain) and the University of Ljubljana (Slovenia), Dr. [Name] bridges clinical expertise with a deep understanding of migration-related trauma and cross-cultural psychiatry.\n\nAs a founding member of Atenea Network (Red Atenea), they actively shape global conversations on mental health equity. Their academic leadership includes:\n\nTeaching at the University of Barcelona\u2019s Postgraduate Program in Mental Health and Migration.\n\nGuest lectures at institutions worldwide, from UC Berkeley (USA) and Tokyo University (Japan) to UNAM (Mexico).\n\nDr. Espeso\u2019s work reflects a commitment to innovative, culturally attuned care \u2014 whether in private practice, research, or mentoring the next generation of clinicians.<\/p><\/div>\n\n\n\n<div class=\"wp-block-stackable-text stk-block-text stk-block stk-969d635\" data-block-id=\"969d635\"><style>.stk-969d635{margin-bottom:0px !important}<\/style><p class=\"stk-block-text__text\"><strong>Mail:<\/strong> doriespeso@gmail.com<\/p><\/div>\n\n\n\n<div class=\"wp-block-stackable-text stk-block-text stk-block stk-4f5c583\" data-block-id=\"4f5c583\"><p class=\"stk-block-text__text\"><strong>Phone<\/strong>: +34 696 995 940<\/p><\/div>\n<\/div><\/div><\/div>\n<\/div><\/div>\n\n\n\n<div class=\"wp-block-stackable-divider stk-block-divider stk-block stk-8bfae22\" data-block-id=\"8bfae22\"><style>.stk-8bfae22{margin-bottom:10px !important}<\/style><hr class=\"stk-block-divider__hr\"\/><\/div>\n\n\n\n<div class=\"wp-block-stackable-columns stk-block-columns stk-block stk-cf11cbd\" data-block-id=\"cf11cbd\"><style>.stk-cf11cbd{margin-bottom:0px !important}<\/style><div class=\"stk-row stk-inner-blocks stk-block-content stk-content-align stk-cf11cbd-column\">\n<div class=\"wp-block-stackable-column stk-block-column stk-column stk-block stk-40c9af2\" data-v=\"4\" data-block-id=\"40c9af2\"><div class=\"stk-column-wrapper stk-block-column__content stk-container stk-40c9af2-container stk--no-background stk--no-padding\"><div class=\"stk-block-content stk-inner-blocks stk-40c9af2-inner-blocks\">\n<div class=\"wp-block-stackable-image stk-block-image stk-block stk-4690c0e\" data-block-id=\"4690c0e\"><style>.stk-4690c0e .stk-img-wrapper{width:50% !important}<\/style><figure><span class=\"stk-img-wrapper stk-image--shape-stretch\"><img loading=\"lazy\" decoding=\"async\" class=\"stk-img wp-image-2877\" src=\"https:\/\/theathenanet.org\/wp-content\/uploads\/2025\/05\/Silvia-Pena.jpg\" width=\"1080\" height=\"1080\" srcset=\"https:\/\/theathenanet.org\/wp-content\/uploads\/2025\/05\/Silvia-Pena.jpg 1080w, https:\/\/theathenanet.org\/wp-content\/uploads\/2025\/05\/Silvia-Pena-300x300.jpg 300w, https:\/\/theathenanet.org\/wp-content\/uploads\/2025\/05\/Silvia-Pena-1024x1024.jpg 1024w, https:\/\/theathenanet.org\/wp-content\/uploads\/2025\/05\/Silvia-Pena-150x150.jpg 150w, https:\/\/theathenanet.org\/wp-content\/uploads\/2025\/05\/Silvia-Pena-768x768.jpg 768w, https:\/\/theathenanet.org\/wp-content\/uploads\/2025\/05\/Silvia-Pena-12x12.jpg 12w\" sizes=\"auto, (max-width: 1080px) 100vw, 1080px\" \/><\/span><\/figure><\/div>\n<\/div><\/div><\/div>\n\n\n\n<div class=\"wp-block-stackable-column stk-block-column stk-column stk-block stk-f76c8c5\" data-v=\"4\" data-block-id=\"f76c8c5\"><div class=\"stk-column-wrapper stk-block-column__content stk-container stk-f76c8c5-container stk--no-background stk--no-padding\"><div class=\"stk-block-content stk-inner-blocks stk-f76c8c5-inner-blocks\">\n<div class=\"wp-block-stackable-text stk-block-text stk-block stk-52a2c3e\" data-block-id=\"52a2c3e\"><style>.stk-52a2c3e{margin-bottom:0px !important}.stk-52a2c3e .stk-block-text__text{font-size:25px !important}@media screen and (max-width:1023px){.stk-52a2c3e .stk-block-text__text{font-size:25px !important}}<\/style><p class=\"stk-block-text__text\"><strong>Silvia Pe\u00f1as Martin<\/strong><\/p><\/div>\n\n\n\n<div class=\"wp-block-stackable-text stk-block-text stk-block stk-bf19bad\" data-block-id=\"bf19bad\"><style>.stk-bf19bad{margin-bottom:15px !important}<\/style><p class=\"stk-block-text__text has-text-align-justify\">PhD in Psychology. Head of the Psychosocial and Immigration Care Department at the Egintza Association. Management, coordination, and therapeutic care in transcultural psychosocial care programs. University Professor. Doctoral thesis on the family functioning of reunited migrant families.<\/p><\/div>\n\n\n\n<div class=\"wp-block-stackable-text stk-block-text stk-block stk-f002819\" data-block-id=\"f002819\"><style>.stk-f002819{margin-bottom:0px !important}<\/style><p class=\"stk-block-text__text\"><strong>Mail:<\/strong> silvia@egintza.com<\/p><\/div>\n\n\n\n<div class=\"wp-block-stackable-text stk-block-text stk-block stk-70baabc\" data-block-id=\"70baabc\"><p class=\"stk-block-text__text\"><strong>Phone<\/strong>: +34 669 279 999<\/p><\/div>\n<\/div><\/div><\/div>\n<\/div><\/div>\n\n\n\n<div class=\"wp-block-stackable-divider stk-block-divider stk-block stk-eb693cd\" data-block-id=\"eb693cd\"><style>.stk-eb693cd{margin-bottom:10px !important}<\/style><hr class=\"stk-block-divider__hr\"\/><\/div>\n\n\n\n<div class=\"wp-block-stackable-columns stk-block-columns stk-block stk-63a0c41\" data-block-id=\"63a0c41\"><style>.stk-63a0c41{margin-bottom:0px !important}<\/style><div class=\"stk-row stk-inner-blocks stk-block-content stk-content-align stk-63a0c41-column\">\n<div class=\"wp-block-stackable-column stk-block-column stk-column stk-block stk-468cc66\" data-v=\"4\" data-block-id=\"468cc66\"><div class=\"stk-column-wrapper stk-block-column__content stk-container stk-468cc66-container stk--no-background stk--no-padding\"><div class=\"stk-block-content stk-inner-blocks stk-468cc66-inner-blocks\">\n<div class=\"wp-block-stackable-image stk-block-image stk-block stk-13dc2b9\" data-block-id=\"13dc2b9\"><style>.stk-13dc2b9 .stk-img-wrapper{width:50% !important}<\/style><figure><span class=\"stk-img-wrapper stk-image--shape-stretch\"><img loading=\"lazy\" decoding=\"async\" class=\"stk-img wp-image-3006\" src=\"https:\/\/theathenanet.org\/wp-content\/uploads\/2025\/07\/18-1.jpg\" width=\"1080\" height=\"1080\" srcset=\"https:\/\/theathenanet.org\/wp-content\/uploads\/2025\/07\/18-1.jpg 1080w, https:\/\/theathenanet.org\/wp-content\/uploads\/2025\/07\/18-1-300x300.jpg 300w, https:\/\/theathenanet.org\/wp-content\/uploads\/2025\/07\/18-1-1024x1024.jpg 1024w, https:\/\/theathenanet.org\/wp-content\/uploads\/2025\/07\/18-1-150x150.jpg 150w, https:\/\/theathenanet.org\/wp-content\/uploads\/2025\/07\/18-1-768x768.jpg 768w, https:\/\/theathenanet.org\/wp-content\/uploads\/2025\/07\/18-1-12x12.jpg 12w\" sizes=\"auto, (max-width: 1080px) 100vw, 1080px\" \/><\/span><\/figure><\/div>\n<\/div><\/div><\/div>\n\n\n\n<div class=\"wp-block-stackable-column stk-block-column stk-column stk-block stk-3005fd3\" data-v=\"4\" data-block-id=\"3005fd3\"><div class=\"stk-column-wrapper stk-block-column__content stk-container stk-3005fd3-container stk--no-background stk--no-padding\"><div class=\"stk-block-content stk-inner-blocks stk-3005fd3-inner-blocks\">\n<div class=\"wp-block-stackable-text stk-block-text stk-block stk-05425a9\" data-block-id=\"05425a9\"><style>.stk-05425a9{margin-bottom:0px !important}.stk-05425a9 .stk-block-text__text{font-size:25px !important}@media screen and (max-width:1023px){.stk-05425a9 .stk-block-text__text{font-size:25px !important}}<\/style><p class=\"stk-block-text__text\"><strong>Marta Guarch-Rubioia <\/strong><\/p><\/div>\n\n\n\n<div class=\"wp-block-stackable-text stk-block-text stk-block stk-2ec4b55\" data-block-id=\"2ec4b55\"><style>.stk-2ec4b55{margin-bottom:15px !important}<\/style><p class=\"stk-block-text__text has-text-align-justify\">Doctora en Psicolog\u00eda por la Universidad Complutense de Madrid y en Supervisi\u00f3n por la Universidad de Limerick (Irlanda), con Doctorado Internacional. Miembro de grupos de investigaci\u00f3n en Psicolog\u00eda del Testimonio (UCM) e Intervenci\u00f3n Psicol\u00f3gica en Poblaci\u00f3n Vulnerable (Universidad San Jorge). Docente y Directora del Grado en Psicolog\u00eda en la Universidad San Jorge. Investigadora Principal en Espa\u00f1a del proyecto\u00a0<em>TInGLE<\/em>\u00a0(interseccionalidad de g\u00e9nero en educaci\u00f3n).Autora del libro\u00a0<em>\u00abPsicolog\u00eda de Fronteras. Testimonios de asilo en supervivientes de guerra y personas refugiadas en el siglo XXI\u00bb<\/em>.<br><\/p><\/div>\n\n\n\n<div class=\"wp-block-stackable-text stk-block-text stk-block stk-6df0579\" data-block-id=\"6df0579\"><style>.stk-6df0579{margin-bottom:0px !important}<\/style><p class=\"stk-block-text__text\"><strong>Mail:<\/strong> martapsico2106@gmail.com<\/p><\/div>\n\n\n\n<div class=\"wp-block-stackable-text stk-block-text stk-block stk-8842f24\" data-block-id=\"8842f24\"><p class=\"stk-block-text__text\"><strong>Phone<\/strong>: +34 625 833 451<\/p><\/div>\n<\/div><\/div><\/div>\n<\/div><\/div>\n\n\n\n<div class=\"wp-block-stackable-divider stk-block-divider stk-block stk-41cfa6a\" data-block-id=\"41cfa6a\"><style>.stk-41cfa6a{margin-bottom:10px !important}<\/style><hr class=\"stk-block-divider__hr\"\/><\/div>\n\n\n\n<div class=\"wp-block-stackable-columns stk-block-columns stk-block stk-ccc74de\" data-block-id=\"ccc74de\"><style>.stk-ccc74de{margin-bottom:0px !important}<\/style><div class=\"stk-row stk-inner-blocks stk-block-content stk-content-align stk-ccc74de-column\">\n<div class=\"wp-block-stackable-column stk-block-column stk-column stk-block stk-318bb57\" data-v=\"4\" data-block-id=\"318bb57\"><div class=\"stk-column-wrapper stk-block-column__content stk-container stk-318bb57-container stk--no-background stk--no-padding\"><div class=\"stk-block-content stk-inner-blocks stk-318bb57-inner-blocks\">\n<div class=\"wp-block-stackable-image stk-block-image stk-block stk-6bfe82a\" data-block-id=\"6bfe82a\"><style>.stk-6bfe82a .stk-img-wrapper{width:50% !important}<\/style><figure><span class=\"stk-img-wrapper stk-image--shape-stretch\"><img loading=\"lazy\" decoding=\"async\" class=\"stk-img wp-image-3003\" src=\"https:\/\/theathenanet.org\/wp-content\/uploads\/2025\/07\/21-1.jpg\" width=\"1080\" height=\"1080\" srcset=\"https:\/\/theathenanet.org\/wp-content\/uploads\/2025\/07\/21-1.jpg 1080w, https:\/\/theathenanet.org\/wp-content\/uploads\/2025\/07\/21-1-300x300.jpg 300w, https:\/\/theathenanet.org\/wp-content\/uploads\/2025\/07\/21-1-1024x1024.jpg 1024w, https:\/\/theathenanet.org\/wp-content\/uploads\/2025\/07\/21-1-150x150.jpg 150w, https:\/\/theathenanet.org\/wp-content\/uploads\/2025\/07\/21-1-768x768.jpg 768w, https:\/\/theathenanet.org\/wp-content\/uploads\/2025\/07\/21-1-12x12.jpg 12w\" sizes=\"auto, (max-width: 1080px) 100vw, 1080px\" \/><\/span><\/figure><\/div>\n<\/div><\/div><\/div>\n\n\n\n<div class=\"wp-block-stackable-column stk-block-column stk-column stk-block stk-1e4e2f9\" data-v=\"4\" data-block-id=\"1e4e2f9\"><div class=\"stk-column-wrapper stk-block-column__content stk-container stk-1e4e2f9-container stk--no-background stk--no-padding\"><div class=\"stk-block-content stk-inner-blocks stk-1e4e2f9-inner-blocks\">\n<div class=\"wp-block-stackable-text stk-block-text stk-block stk-4322786\" data-block-id=\"4322786\"><style>.stk-4322786{margin-bottom:0px !important}.stk-4322786 .stk-block-text__text{font-size:25px !important}@media screen and (max-width:1023px){.stk-4322786 .stk-block-text__text{font-size:25px !important}}<\/style><p class=\"stk-block-text__text\"><strong>Salvatore Cosentino <\/strong><\/p><\/div>\n\n\n\n<div class=\"wp-block-stackable-text stk-block-text stk-block stk-774b46e\" data-block-id=\"774b46e\"><style>.stk-774b46e{margin-bottom:0px !important}<\/style><p class=\"stk-block-text__text has-text-align-justify\">Psic\u00f3logo Cl\u00ednico, PhD<br>Gerente de actividades de salud mental<br>Centro de Atenci\u00f3n Integral (CAI)-Ciudad de M\u00e9xico M\u00e9dicos Sin Fronteras<br><\/p><\/div>\n\n\n\n<div class=\"wp-block-stackable-text stk-block-text stk-block stk-17f648c\" data-block-id=\"17f648c\"><style>.stk-17f648c{margin-bottom:1px !important}<\/style><p class=\"stk-block-text__text\"><strong>Phone<\/strong>: +34 633 151 636<\/p><\/div>\n\n\n\n<div class=\"wp-block-stackable-text stk-block-text stk-block stk-83edad7\" data-block-id=\"83edad7\"><style>.stk-83edad7{margin-bottom:0px !important}<\/style><p class=\"stk-block-text__text\"><strong>Mail:<\/strong> msfe-cai-gasm@barcelona.msf.org<\/p><\/div>\n<\/div><\/div><\/div>\n<\/div><\/div>\n\n\n\n<p><\/p>","protected":false},"excerpt":{"rendered":"<p>Joseba Achotegui Loizate Joseba Achotegui. Durango 1952. Psiquiatra, psicoterapeuta. Profesor Titular de T\u00e9cnicas de psicoterapia de la Universidad de Barcelona. Secretario general reelecto de la Secci\u00f3n de Psiquiatr\u00eda Transcultural de la Asociaci\u00f3n Mundial de Psiquiatr\u00eda. Describi\u00f3 en el a\u00f1o 2002 el S\u00edndrome de Ulises y el a\u00f1o 2017 el Test del Kayak de evaluaci\u00f3n de [&hellip;]<\/p>","protected":false},"author":1,"featured_media":0,"parent":0,"menu_order":0,"comment_status":"closed","ping_status":"closed","template":"","meta":{"footnotes":""},"class_list":["post-2668","page","type-page","status-publish","hentry"],"blocksy_meta":[],"_links":{"self":[{"href":"https:\/\/theathenanet.org\/en\/wp-json\/wp\/v2\/pages\/2668","targetHints":{"allow":["GET"]}}],"collection":[{"href":"https:\/\/theathenanet.org\/en\/wp-json\/wp\/v2\/pages"}],"about":[{"href":"https:\/\/theathenanet.org\/en\/wp-json\/wp\/v2\/types\/page"}],"author":[{"embeddable":true,"href":"https:\/\/theathenanet.org\/en\/wp-json\/wp\/v2\/users\/1"}],"replies":[{"embeddable":true,"href":"https:\/\/theathenanet.org\/en\/wp-json\/wp\/v2\/comments?post=2668"}],"version-history":[{"count":7,"href":"https:\/\/theathenanet.org\/en\/wp-json\/wp\/v2\/pages\/2668\/revisions"}],"predecessor-version":[{"id":3010,"href":"https:\/\/theathenanet.org\/en\/wp-json\/wp\/v2\/pages\/2668\/revisions\/3010"}],"wp:attachment":[{"href":"https:\/\/theathenanet.org\/en\/wp-json\/wp\/v2\/media?parent=2668"}],"curies":[{"name":"wp","href":"https:\/\/api.w.org\/{rel}","templated":true}]}}