{"id":2670,"date":"2025-05-03T05:43:17","date_gmt":"2025-05-03T05:43:17","guid":{"rendered":"https:\/\/theathenanet.org\/?page_id=2670"},"modified":"2025-05-13T17:59:51","modified_gmt":"2025-05-13T17:59:51","slug":"estados-unidos","status":"publish","type":"page","link":"https:\/\/theathenanet.org\/en\/estados-unidos\/","title":{"rendered":"USA"},"content":{"rendered":"<div class=\"wp-block-stackable-columns stk-block-columns stk-block stk-588c5a7\" data-block-id=\"588c5a7\"><div class=\"stk-row stk-inner-blocks stk-block-content stk-content-align stk-588c5a7-column\">\n<div class=\"wp-block-stackable-column stk-block-column stk-column stk-block stk-d445718\" data-v=\"4\" data-block-id=\"d445718\"><div class=\"stk-column-wrapper stk-block-column__content stk-container stk-d445718-container stk--no-background stk--no-padding\"><div class=\"stk-block-content stk-inner-blocks stk-d445718-inner-blocks\">\n<div class=\"wp-block-stackable-image stk-block-image stk-block stk-ccee430\" data-block-id=\"ccee430\"><style>.stk-ccee430 .stk-img-wrapper{width:50% !important}<\/style><figure><span class=\"stk-img-wrapper stk-image--shape-stretch\"><img loading=\"lazy\" decoding=\"async\" class=\"stk-img wp-image-2696\" src=\"https:\/\/theathenanet.org\/wp-content\/uploads\/2025\/05\/7.jpg\" width=\"1080\" height=\"1080\" srcset=\"https:\/\/theathenanet.org\/wp-content\/uploads\/2025\/05\/7.jpg 1080w, https:\/\/theathenanet.org\/wp-content\/uploads\/2025\/05\/7-300x300.jpg 300w, https:\/\/theathenanet.org\/wp-content\/uploads\/2025\/05\/7-1024x1024.jpg 1024w, https:\/\/theathenanet.org\/wp-content\/uploads\/2025\/05\/7-150x150.jpg 150w, https:\/\/theathenanet.org\/wp-content\/uploads\/2025\/05\/7-768x768.jpg 768w, https:\/\/theathenanet.org\/wp-content\/uploads\/2025\/05\/7-12x12.jpg 12w\" sizes=\"auto, (max-width: 1080px) 100vw, 1080px\" \/><\/span><\/figure><\/div>\n<\/div><\/div><\/div>\n\n\n\n<div class=\"wp-block-stackable-column stk-block-column stk-column stk-block stk-adcff85\" data-v=\"4\" data-block-id=\"adcff85\"><div class=\"stk-column-wrapper stk-block-column__content stk-container stk-adcff85-container stk--no-background stk--no-padding\"><div class=\"stk-block-content stk-inner-blocks stk-adcff85-inner-blocks\">\n<div class=\"wp-block-stackable-subtitle stk-block-subtitle stk-block stk-0036815\" data-block-id=\"0036815\"><style>.stk-0036815{margin-bottom:0px !important}.stk-0036815 .stk-block-subtitle__text{font-size:25px !important}@media screen and (max-width:1023px){.stk-0036815 .stk-block-subtitle__text{font-size:25px !important}}<\/style><p class=\"stk-block-subtitle__text stk-subtitle\"><strong>Liliana Osorio<\/strong><\/p><\/div>\n\n\n\n<div class=\"wp-block-stackable-text stk-block-text stk-block stk-d45bd79\" data-block-id=\"d45bd79\"><p class=\"stk-block-text__text has-text-align-justify\">Liliana is one of the founding members of the Atenea Network. She worked at the University of California for over 20 years, dedicating much of her time and energy to promoting culturally and linguistically appropriate healthcare for migrant communities in the United States. She fostered cross-border and organisational collaboration to ensure dignified support for migrants.\n\nAlthough now retired, Liliana continues to collaborate with the International Athena Network.<\/p><\/div>\n\n\n\n<div class=\"wp-block-stackable-text stk-block-text stk-block stk-fdd98f1\" data-block-id=\"fdd98f1\"><style>.stk-fdd98f1{margin-bottom:3px !important}<\/style><p class=\"stk-block-text__text\"><strong>Mail:<\/strong> lilosorio64@gmail.com<\/p><\/div>\n\n\n\n<div class=\"wp-block-stackable-text stk-block-text stk-block stk-53a276d\" data-block-id=\"53a276d\"><p class=\"stk-block-text__text\"><strong>Phone:<\/strong> +1 619 933 6023<\/p><\/div>\n<\/div><\/div><\/div>\n<\/div><\/div>\n\n\n\n<div class=\"wp-block-stackable-columns stk-block-columns stk-block stk-c7ac984\" data-block-id=\"c7ac984\"><div class=\"stk-row stk-inner-blocks stk-block-content stk-content-align stk-c7ac984-column\">\n<div class=\"wp-block-stackable-column stk-block-column stk-column stk-block stk-03c1942\" data-v=\"4\" data-block-id=\"03c1942\"><div class=\"stk-column-wrapper stk-block-column__content stk-container stk-03c1942-container stk--no-background stk--no-padding\"><div class=\"stk-block-content stk-inner-blocks stk-03c1942-inner-blocks\">\n<div class=\"wp-block-stackable-image stk-block-image stk-block stk-973fab4\" data-block-id=\"973fab4\"><style>.stk-973fab4 .stk-img-wrapper{width:50% !important}<\/style><figure><span class=\"stk-img-wrapper stk-image--shape-stretch\"><img loading=\"lazy\" decoding=\"async\" class=\"stk-img wp-image-2906\" src=\"https:\/\/theathenanet.org\/wp-content\/uploads\/2025\/05\/12.jpg\" width=\"1080\" height=\"1080\" srcset=\"https:\/\/theathenanet.org\/wp-content\/uploads\/2025\/05\/12.jpg 1080w, https:\/\/theathenanet.org\/wp-content\/uploads\/2025\/05\/12-300x300.jpg 300w, https:\/\/theathenanet.org\/wp-content\/uploads\/2025\/05\/12-1024x1024.jpg 1024w, https:\/\/theathenanet.org\/wp-content\/uploads\/2025\/05\/12-150x150.jpg 150w, https:\/\/theathenanet.org\/wp-content\/uploads\/2025\/05\/12-768x768.jpg 768w, https:\/\/theathenanet.org\/wp-content\/uploads\/2025\/05\/12-12x12.jpg 12w\" sizes=\"auto, (max-width: 1080px) 100vw, 1080px\" \/><\/span><\/figure><\/div>\n<\/div><\/div><\/div>\n\n\n\n<div class=\"wp-block-stackable-column stk-block-column stk-column stk-block stk-c02b990\" data-v=\"4\" data-block-id=\"c02b990\"><div class=\"stk-column-wrapper stk-block-column__content stk-container stk-c02b990-container stk--no-background stk--no-padding\"><div class=\"stk-block-content stk-inner-blocks stk-c02b990-inner-blocks\">\n<div class=\"wp-block-stackable-subtitle stk-block-subtitle stk-block stk-477c39a\" data-block-id=\"477c39a\"><style>.stk-477c39a{margin-bottom:0px !important}.stk-477c39a .stk-block-subtitle__text{font-size:25px !important}@media screen and (max-width:1023px){.stk-477c39a .stk-block-subtitle__text{font-size:25px !important}}<\/style><p class=\"stk-block-subtitle__text stk-subtitle\"><strong>Marielena Ferrer-Harrington<br><\/strong><\/p><\/div>\n\n\n\n<div class=\"wp-block-stackable-text stk-block-text stk-block stk-d30dd2c\" data-block-id=\"d30dd2c\"><p class=\"stk-block-text__text has-text-align-justify\">Marielena Ferrer is a psychosocial recovery facilitator and a socially engaged visual artist. She serves as the Executive Director of Unison Arts &amp; Learning Center in New Paltz and leads Humanamente, a consulting organization focused on diversity and inclusion.\n\nFerrer chairs the steering committee of the Kingston Cultural Alliance, a community-driven initiative dedicated to fostering, preserving, and celebrating the cultures and traditions of Hispanic\/Latinx heritage communities. Additionally, she holds board positions with:\n\nFamily of Woodstock (Board Member)\n\nArts Mid-Hudson (Advisory Board)\n\nWoodstock Center for Photography (Advisory Board)<\/p><\/div>\n\n\n\n<div class=\"wp-block-stackable-text stk-block-text stk-block stk-7388c46\" data-block-id=\"7388c46\"><style>.stk-7388c46{margin-bottom:3px !important}<\/style><p class=\"stk-block-text__text\"><strong>Mail:<\/strong> mariaelena@humanamente.com<\/p><\/div>\n<\/div><\/div><\/div>\n<\/div><\/div>\n\n\n\n<p><\/p>","protected":false},"excerpt":{"rendered":"<p>Liliana Osorio Liliana es uno de los miembros fundadores de la Red Atenea. Trabaj\u00f3 en la Universidad de California por m\u00e1s de 20 a\u00f1os, dedicando gran parte de su tiempo y energ\u00eda a promover la salud entre la comunidad migrante en los Estados Unidos, de una manera cultura y ling\u00fc\u00edsticamente apropiada. Foment\u00f3 la colaboraci\u00f3n entre [&hellip;]<\/p>","protected":false},"author":1,"featured_media":0,"parent":0,"menu_order":0,"comment_status":"closed","ping_status":"closed","template":"","meta":{"footnotes":""},"class_list":["post-2670","page","type-page","status-publish","hentry"],"blocksy_meta":[],"_links":{"self":[{"href":"https:\/\/theathenanet.org\/en\/wp-json\/wp\/v2\/pages\/2670","targetHints":{"allow":["GET"]}}],"collection":[{"href":"https:\/\/theathenanet.org\/en\/wp-json\/wp\/v2\/pages"}],"about":[{"href":"https:\/\/theathenanet.org\/en\/wp-json\/wp\/v2\/types\/page"}],"author":[{"embeddable":true,"href":"https:\/\/theathenanet.org\/en\/wp-json\/wp\/v2\/users\/1"}],"replies":[{"embeddable":true,"href":"https:\/\/theathenanet.org\/en\/wp-json\/wp\/v2\/comments?post=2670"}],"version-history":[{"count":5,"href":"https:\/\/theathenanet.org\/en\/wp-json\/wp\/v2\/pages\/2670\/revisions"}],"predecessor-version":[{"id":2919,"href":"https:\/\/theathenanet.org\/en\/wp-json\/wp\/v2\/pages\/2670\/revisions\/2919"}],"wp:attachment":[{"href":"https:\/\/theathenanet.org\/en\/wp-json\/wp\/v2\/media?parent=2670"}],"curies":[{"name":"wp","href":"https:\/\/api.w.org\/{rel}","templated":true}]}}