{"id":2672,"date":"2025-05-03T05:43:39","date_gmt":"2025-05-03T05:43:39","guid":{"rendered":"https:\/\/theathenanet.org\/?page_id=2672"},"modified":"2025-05-03T16:17:41","modified_gmt":"2025-05-03T16:17:41","slug":"francia","status":"publish","type":"page","link":"https:\/\/theathenanet.org\/en\/francia\/","title":{"rendered":"France"},"content":{"rendered":"<div class=\"wp-block-stackable-columns stk-block-columns stk-block stk-bb5b173\" data-block-id=\"bb5b173\"><div class=\"stk-row stk-inner-blocks stk-block-content stk-content-align stk-bb5b173-column\">\n<div class=\"wp-block-stackable-column stk-block-column stk-column stk-block stk-93211bc\" data-v=\"4\" data-block-id=\"93211bc\"><div class=\"stk-column-wrapper stk-block-column__content stk-container stk-93211bc-container stk--no-background stk--no-padding\"><div class=\"stk-block-content stk-inner-blocks stk-93211bc-inner-blocks\">\n<div class=\"wp-block-stackable-image stk-block-image stk-block stk-7ab7032\" data-block-id=\"7ab7032\"><style>.stk-7ab7032 .stk-img-wrapper{width:60% !important}<\/style><figure><span class=\"stk-img-wrapper stk-image--shape-stretch\"><img loading=\"lazy\" decoding=\"async\" class=\"stk-img wp-image-2694\" src=\"https:\/\/theathenanet.org\/wp-content\/uploads\/2025\/05\/5.jpg\" width=\"1080\" height=\"1080\" srcset=\"https:\/\/theathenanet.org\/wp-content\/uploads\/2025\/05\/5.jpg 1080w, https:\/\/theathenanet.org\/wp-content\/uploads\/2025\/05\/5-300x300.jpg 300w, https:\/\/theathenanet.org\/wp-content\/uploads\/2025\/05\/5-1024x1024.jpg 1024w, https:\/\/theathenanet.org\/wp-content\/uploads\/2025\/05\/5-150x150.jpg 150w, https:\/\/theathenanet.org\/wp-content\/uploads\/2025\/05\/5-768x768.jpg 768w, https:\/\/theathenanet.org\/wp-content\/uploads\/2025\/05\/5-12x12.jpg 12w\" sizes=\"auto, (max-width: 1080px) 100vw, 1080px\" \/><\/span><\/figure><\/div>\n<\/div><\/div><\/div>\n\n\n\n<div class=\"wp-block-stackable-column stk-block-column stk-column stk-block stk-9e2c23d\" data-v=\"4\" data-block-id=\"9e2c23d\"><div class=\"stk-column-wrapper stk-block-column__content stk-container stk-9e2c23d-container stk--no-background stk--no-padding\"><div class=\"stk-block-content stk-inner-blocks stk-9e2c23d-inner-blocks\">\n<div class=\"wp-block-stackable-text stk-block-text stk-block stk-dfb9a1c\" data-block-id=\"dfb9a1c\"><style>.stk-dfb9a1c{margin-bottom:2px !important}.stk-dfb9a1c .stk-block-text__text{font-size:25px !important}@media screen and (max-width:1023px){.stk-dfb9a1c .stk-block-text__text{font-size:25px !important}}<\/style><p class=\"stk-block-text__text\"><strong>Ana Rosalba And\u00f3n Stevenson<\/strong><\/p><\/div>\n\n\n\n<div class=\"wp-block-stackable-text stk-block-text stk-block stk-ced73fd\" data-block-id=\"ced73fd\"><style>.stk-ced73fd{margin-bottom:0px !important}<\/style><p class=\"stk-block-text__text has-text-align-justify\">Clinical Psychologist, Honorary Member of Women in France (now Women in France Collective), responsible for providing psychological first aid on emergency helplines.\n\nOrganiser and host of the Annual Expat Health Week (virtual event). Coordinator of the XIII International Congress on Mental Health and Migration (October 2023).\n\nFounding member of the Psychology Hub within the Global Mx Network \u2013 Paris Chapter, part of the Institute for Mexicans Abroad under the Mexican Ministry of Foreign Affairs.\n\nFounder and designer of the Directory of Spanish-Speaking Psychologists in France. Creator of psychoeducational content on social media, focusing on mental health awareness.<br><\/p><\/div>\n\n\n\n<div class=\"wp-block-stackable-text stk-block-text stk-block stk-a940213\" data-block-id=\"a940213\"><p class=\"stk-block-text__text has-text-align-justify\"><strong>Mail:<\/strong> psi.anaandon@gmail.com<br><strong>Phone:<\/strong> +33 671 874 106<br><\/p><\/div>\n<\/div><\/div><\/div>\n<\/div><\/div>\n\n\n\n<p><\/p>","protected":false},"excerpt":{"rendered":"<p>Ana Rosalba And\u00f3n Stevenson Psic\u00f3loga cl\u00ednica, miembro honorario de la Asociaci\u00f3n Mujeres en Francia que ahora se convirti\u00f3 en Colectivo Mujeres en Francia encargada de los primeros auxilios psicol\u00f3gicos en llamadas de emergencia. Organizadora y presentadora de la Semana de la Salud para Expatriados (Evento virtual anual). Organizadora del XIII Congreso Internacional de Salud Mental [&hellip;]<\/p>","protected":false},"author":1,"featured_media":0,"parent":0,"menu_order":0,"comment_status":"closed","ping_status":"closed","template":"","meta":{"footnotes":""},"class_list":["post-2672","page","type-page","status-publish","hentry"],"blocksy_meta":[],"_links":{"self":[{"href":"https:\/\/theathenanet.org\/en\/wp-json\/wp\/v2\/pages\/2672","targetHints":{"allow":["GET"]}}],"collection":[{"href":"https:\/\/theathenanet.org\/en\/wp-json\/wp\/v2\/pages"}],"about":[{"href":"https:\/\/theathenanet.org\/en\/wp-json\/wp\/v2\/types\/page"}],"author":[{"embeddable":true,"href":"https:\/\/theathenanet.org\/en\/wp-json\/wp\/v2\/users\/1"}],"replies":[{"embeddable":true,"href":"https:\/\/theathenanet.org\/en\/wp-json\/wp\/v2\/comments?post=2672"}],"version-history":[{"count":3,"href":"https:\/\/theathenanet.org\/en\/wp-json\/wp\/v2\/pages\/2672\/revisions"}],"predecessor-version":[{"id":2723,"href":"https:\/\/theathenanet.org\/en\/wp-json\/wp\/v2\/pages\/2672\/revisions\/2723"}],"wp:attachment":[{"href":"https:\/\/theathenanet.org\/en\/wp-json\/wp\/v2\/media?parent=2672"}],"curies":[{"name":"wp","href":"https:\/\/api.w.org\/{rel}","templated":true}]}}