{"id":2674,"date":"2025-05-03T05:44:17","date_gmt":"2025-05-03T05:44:17","guid":{"rendered":"https:\/\/theathenanet.org\/?page_id=2674"},"modified":"2025-05-03T16:51:56","modified_gmt":"2025-05-03T16:51:56","slug":"italia","status":"publish","type":"page","link":"https:\/\/theathenanet.org\/en\/italia\/","title":{"rendered":"Italy"},"content":{"rendered":"<div class=\"wp-block-stackable-columns stk-block-columns stk-block stk-4b57c31\" data-block-id=\"4b57c31\"><style>.stk-4b57c31{margin-bottom:0px !important}<\/style><div class=\"stk-row stk-inner-blocks stk-block-content stk-content-align stk-4b57c31-column\">\n<div class=\"wp-block-stackable-column stk-block-column stk-column stk-block stk-1a0f718\" data-v=\"4\" data-block-id=\"1a0f718\"><div class=\"stk-column-wrapper stk-block-column__content stk-container stk-1a0f718-container stk--no-background stk--no-padding\"><div class=\"stk-block-content stk-inner-blocks stk-1a0f718-inner-blocks\">\n<div class=\"wp-block-stackable-image stk-block-image stk-block stk-0a520a4\" data-block-id=\"0a520a4\"><style>.stk-0a520a4 .stk-img-wrapper{width:60% !important}<\/style><figure><span class=\"stk-img-wrapper stk-image--shape-stretch\"><img loading=\"lazy\" decoding=\"async\" class=\"stk-img wp-image-2689\" src=\"https:\/\/theathenanet.org\/wp-content\/uploads\/2025\/05\/8.jpg\" width=\"1080\" height=\"1080\" srcset=\"https:\/\/theathenanet.org\/wp-content\/uploads\/2025\/05\/8.jpg 1080w, https:\/\/theathenanet.org\/wp-content\/uploads\/2025\/05\/8-300x300.jpg 300w, https:\/\/theathenanet.org\/wp-content\/uploads\/2025\/05\/8-1024x1024.jpg 1024w, https:\/\/theathenanet.org\/wp-content\/uploads\/2025\/05\/8-150x150.jpg 150w, https:\/\/theathenanet.org\/wp-content\/uploads\/2025\/05\/8-768x768.jpg 768w, https:\/\/theathenanet.org\/wp-content\/uploads\/2025\/05\/8-12x12.jpg 12w\" sizes=\"auto, (max-width: 1080px) 100vw, 1080px\" \/><\/span><\/figure><\/div>\n<\/div><\/div><\/div>\n\n\n\n<div class=\"wp-block-stackable-column stk-block-column stk-column stk-block stk-c60e4ff\" data-v=\"4\" data-block-id=\"c60e4ff\"><div class=\"stk-column-wrapper stk-block-column__content stk-container stk-c60e4ff-container stk--no-background stk--no-padding\"><div class=\"stk-block-content stk-inner-blocks stk-c60e4ff-inner-blocks\">\n<div class=\"wp-block-stackable-text stk-block-text stk-block stk-237e980\" data-block-id=\"237e980\"><style>.stk-237e980{margin-bottom:0px !important}.stk-237e980 .stk-block-text__text{font-size:25px !important}@media screen and (max-width:1023px){.stk-237e980 .stk-block-text__text{font-size:25px !important}}<\/style><p class=\"stk-block-text__text\"><strong>Luca Pandolfi<\/strong><\/p><\/div>\n\n\n\n<div class=\"wp-block-stackable-text stk-block-text stk-block stk-13fb5cd\" data-block-id=\"13fb5cd\"><style>.stk-13fb5cd{margin-bottom:11px !important}<\/style><p class=\"stk-block-text__text has-text-align-justify\">Professor of Cultural Anthropology at the Pontifical Urbaniana University, where he also teaches Sociology of Religion, Intercultural Communication, Languages of Communication and Pastoral Studies.\n\nPreviously a Visiting Professor in Rome at the Pontifical Salesian University and the Pontifical Faculty of Educational Sciences \"Auxilium\", he has held visiting positions at:\n\nARCIS University, Chile (2009)\n\nFaculty of Social Sciences, University of Buenos Aires (UBA), Argentina (2013)\n\n\"Don Bosco\" University, El Salvador (2015)\n\nInternational Institute for Higher Studies, Mexico City (2015)\n\nIn 2000, he founded S.A.L. (Solidarity with Latin America), a non-profit organisation active in international cooperation and migrant support work in Italy.<\/p><\/div>\n\n\n\n<div class=\"wp-block-stackable-text stk-block-text stk-block stk-c4c0803\" data-block-id=\"c4c0803\"><style>.stk-c4c0803{margin-bottom:0px !important}<\/style><p class=\"stk-block-text__text has-text-align-justify\"><strong>Mail:<\/strong>luca.pandolfi@tiscali.it                                                                                     <strong>Phone:<\/strong> +39 347 573 0360<\/p><\/div>\n<\/div><\/div><\/div>\n<\/div><\/div>\n\n\n\n<p><\/p>","protected":false},"excerpt":{"rendered":"<p>Luca Pandolfi Profesor Titular de Antropolog\u00eda cultural en la Pontificia Universidad Urbaniana donde ense\u00f1a tambi\u00e9n Sociolog\u00eda de la religi\u00f3n, Comunicaci\u00f3n intercultural, Leguajes de la comunicaci\u00f3n y pastoral. Ya profesor invitado en Roma en la Universidad Pontificia Salesiana y en la Pontificia Facultad de Ciencias de la Educaci\u00f3n \u201cAuxilium\u201d, ha sido Visiting professor en la Universidad [&hellip;]<\/p>","protected":false},"author":1,"featured_media":0,"parent":0,"menu_order":0,"comment_status":"closed","ping_status":"closed","template":"","meta":{"footnotes":""},"class_list":["post-2674","page","type-page","status-publish","hentry"],"blocksy_meta":[],"_links":{"self":[{"href":"https:\/\/theathenanet.org\/en\/wp-json\/wp\/v2\/pages\/2674","targetHints":{"allow":["GET"]}}],"collection":[{"href":"https:\/\/theathenanet.org\/en\/wp-json\/wp\/v2\/pages"}],"about":[{"href":"https:\/\/theathenanet.org\/en\/wp-json\/wp\/v2\/types\/page"}],"author":[{"embeddable":true,"href":"https:\/\/theathenanet.org\/en\/wp-json\/wp\/v2\/users\/1"}],"replies":[{"embeddable":true,"href":"https:\/\/theathenanet.org\/en\/wp-json\/wp\/v2\/comments?post=2674"}],"version-history":[{"count":6,"href":"https:\/\/theathenanet.org\/en\/wp-json\/wp\/v2\/pages\/2674\/revisions"}],"predecessor-version":[{"id":2738,"href":"https:\/\/theathenanet.org\/en\/wp-json\/wp\/v2\/pages\/2674\/revisions\/2738"}],"wp:attachment":[{"href":"https:\/\/theathenanet.org\/en\/wp-json\/wp\/v2\/media?parent=2674"}],"curies":[{"name":"wp","href":"https:\/\/api.w.org\/{rel}","templated":true}]}}