{"id":2678,"date":"2025-05-03T05:45:35","date_gmt":"2025-05-03T05:45:35","guid":{"rendered":"https:\/\/theathenanet.org\/?page_id=2678"},"modified":"2025-07-25T12:24:40","modified_gmt":"2025-07-25T12:24:40","slug":"reino-unido","status":"publish","type":"page","link":"https:\/\/theathenanet.org\/en\/reino-unido\/","title":{"rendered":"United Kingdom"},"content":{"rendered":"<div class=\"wp-block-stackable-columns stk-block-columns stk-block stk-d3e8ada\" data-block-id=\"d3e8ada\"><div class=\"stk-row stk-inner-blocks stk-block-content stk-content-align stk-d3e8ada-column\">\n<div class=\"wp-block-stackable-column stk-block-column stk-column stk-block stk-08c0b9e\" data-v=\"4\" data-block-id=\"08c0b9e\"><div class=\"stk-column-wrapper stk-block-column__content stk-container stk-08c0b9e-container stk--no-background stk--no-padding\"><div class=\"stk-block-content stk-inner-blocks stk-08c0b9e-inner-blocks\">\n<div class=\"wp-block-stackable-image stk-block-image stk-block stk-0ad55b7\" data-block-id=\"0ad55b7\"><style>.stk-0ad55b7 .stk-img-wrapper{width:80% !important}<\/style><figure><span class=\"stk-img-wrapper stk-image--shape-stretch\"><img loading=\"lazy\" decoding=\"async\" class=\"stk-img wp-image-3008\" src=\"https:\/\/theathenanet.org\/wp-content\/uploads\/2025\/07\/16-1.jpg\" width=\"1080\" height=\"1080\" srcset=\"https:\/\/theathenanet.org\/wp-content\/uploads\/2025\/07\/16-1.jpg 1080w, https:\/\/theathenanet.org\/wp-content\/uploads\/2025\/07\/16-1-300x300.jpg 300w, https:\/\/theathenanet.org\/wp-content\/uploads\/2025\/07\/16-1-1024x1024.jpg 1024w, https:\/\/theathenanet.org\/wp-content\/uploads\/2025\/07\/16-1-150x150.jpg 150w, https:\/\/theathenanet.org\/wp-content\/uploads\/2025\/07\/16-1-768x768.jpg 768w, https:\/\/theathenanet.org\/wp-content\/uploads\/2025\/07\/16-1-12x12.jpg 12w\" sizes=\"auto, (max-width: 1080px) 100vw, 1080px\" \/><\/span><\/figure><\/div>\n<\/div><\/div><\/div>\n\n\n\n<div class=\"wp-block-stackable-column stk-block-column stk-column stk-block stk-3390b91\" data-v=\"4\" data-block-id=\"3390b91\"><div class=\"stk-column-wrapper stk-block-column__content stk-container stk-3390b91-container stk--no-background stk--no-padding\"><div class=\"stk-block-content stk-inner-blocks stk-3390b91-inner-blocks\">\n<div class=\"wp-block-stackable-text stk-block-text stk-block stk-dbd7e1a\" data-block-id=\"dbd7e1a\"><style>.stk-dbd7e1a .stk-block-text__text{font-size:25px !important;color:var(--theme-palette-color-4,#192a3d) !important}@media screen and (max-width:1023px){.stk-dbd7e1a .stk-block-text__text{font-size:25px !important}}<\/style><p class=\"stk-block-text__text has-text-color\"><span style=\"color: var(--theme-palette-color-4, #192a3d);\" class=\"stk-highlight\"><strong>Nancy Liscano Parra<\/strong><\/span><\/p><\/div>\n\n\n\n<div class=\"wp-block-stackable-text stk-block-text stk-block stk-af71c8c\" data-block-id=\"af71c8c\"><p class=\"stk-block-text__text has-text-align-justify\">PhD student in psychology. Specialist in personal development. Logotherapist.<br><\/p><\/div>\n\n\n\n<div class=\"wp-block-stackable-text stk-block-text stk-block stk-931c4ef\" data-block-id=\"931c4ef\"><p class=\"stk-block-text__text has-text-align-justify\"><strong>Mail:<\/strong>\u00a0nancyliscano@hotmail.com<br><strong>Phone:<\/strong> +44 (0)793 222 5365<\/p><\/div>\n<\/div><\/div><\/div>\n<\/div><\/div>\n\n\n\n<div class=\"wp-block-stackable-divider stk-block-divider stk-block stk-fdeb6e5\" data-block-id=\"fdeb6e5\"><hr class=\"stk-block-divider__hr\"\/><\/div>\n\n\n\n<div class=\"wp-block-stackable-columns stk-block-columns stk-block stk-fe40867\" data-block-id=\"fe40867\"><div class=\"stk-row stk-inner-blocks stk-block-content stk-content-align stk-fe40867-column\">\n<div class=\"wp-block-stackable-column stk-block-column stk-column stk-block stk-3d335e1\" data-v=\"4\" data-block-id=\"3d335e1\"><div class=\"stk-column-wrapper stk-block-column__content stk-container stk-3d335e1-container stk--no-background stk--no-padding\"><div class=\"stk-block-content stk-inner-blocks stk-3d335e1-inner-blocks\">\n<div class=\"wp-block-stackable-image stk-block-image stk-block stk-e1ddf93\" data-block-id=\"e1ddf93\"><style>.stk-e1ddf93 .stk-img-wrapper{width:80% !important}<\/style><figure><span class=\"stk-img-wrapper stk-image--shape-stretch\"><img loading=\"lazy\" decoding=\"async\" class=\"stk-img wp-image-2907\" src=\"https:\/\/theathenanet.org\/wp-content\/uploads\/2025\/05\/13.jpg\" width=\"1080\" height=\"1080\" srcset=\"https:\/\/theathenanet.org\/wp-content\/uploads\/2025\/05\/13.jpg 1080w, https:\/\/theathenanet.org\/wp-content\/uploads\/2025\/05\/13-300x300.jpg 300w, https:\/\/theathenanet.org\/wp-content\/uploads\/2025\/05\/13-1024x1024.jpg 1024w, https:\/\/theathenanet.org\/wp-content\/uploads\/2025\/05\/13-150x150.jpg 150w, https:\/\/theathenanet.org\/wp-content\/uploads\/2025\/05\/13-768x768.jpg 768w, https:\/\/theathenanet.org\/wp-content\/uploads\/2025\/05\/13-12x12.jpg 12w\" sizes=\"auto, (max-width: 1080px) 100vw, 1080px\" \/><\/span><\/figure><\/div>\n<\/div><\/div><\/div>\n\n\n\n<div class=\"wp-block-stackable-column stk-block-column stk-column stk-block stk-91daad5\" data-v=\"4\" data-block-id=\"91daad5\"><div class=\"stk-column-wrapper stk-block-column__content stk-container stk-91daad5-container stk--no-background stk--no-padding\"><div class=\"stk-block-content stk-inner-blocks stk-91daad5-inner-blocks\">\n<div class=\"wp-block-stackable-text stk-block-text stk-block stk-de21a15\" data-block-id=\"de21a15\"><style>.stk-de21a15 .stk-block-text__text{font-size:25px !important;color:var(--theme-palette-color-4,#192a3d) !important}@media screen and (max-width:1023px){.stk-de21a15 .stk-block-text__text{font-size:25px !important}}<\/style><p class=\"stk-block-text__text has-text-color\"><span style=\"color: var(--theme-palette-color-4, #192a3d);\" class=\"stk-highlight\"><strong>Maria Rosa Linforth-Hall<\/strong><\/span><\/p><\/div>\n\n\n\n<div class=\"wp-block-stackable-text stk-block-text stk-block stk-9d914bd\" data-block-id=\"9d914bd\"><p class=\"stk-block-text__text has-text-align-justify\">Cllr Maria Rosa Linforth-Hall As a Liberal Democrat Councillor for St George\u2019s Ward, I am committed to championing health, dignity, and equality for all. I serve as Spokesperson for the Opposition on the Health and Wellbeing Board, Vice Chair of the Health and Social Care Scrutiny Commission, and a Member of the South East London Joint Health Overview and Scrutiny Committee. I advocate for better services for the elderly, stronger action on domestic violence and greater support for those facing loneliness or struggling with poor health. My work also focuses on empowering women and promoting access to care in our diverse communities. Through RED Atenea, I aim to amplify women's voices in leadership and work towards a society where no one is left behind.<\/p><\/div>\n\n\n\n<div class=\"wp-block-stackable-text stk-block-text stk-block stk-76db657\" data-block-id=\"76db657\"><p class=\"stk-block-text__text has-text-align-justify\"><strong>Mail:<\/strong>&nbsp;marialinforth-hall@mariaadderley.com<br><strong>Phone:<\/strong> +44 (0)7786136294<\/p><\/div>\n<\/div><\/div><\/div>\n<\/div><\/div>\n\n\n\n<div class=\"wp-block-stackable-divider stk-block-divider stk-block stk-ad9acbb\" data-block-id=\"ad9acbb\"><hr class=\"stk-block-divider__hr\"\/><\/div>\n\n\n\n<div class=\"wp-block-stackable-columns stk-block-columns stk-block stk-3d69da6\" data-block-id=\"3d69da6\"><div class=\"stk-row stk-inner-blocks stk-block-content stk-content-align stk-3d69da6-column\">\n<div class=\"wp-block-stackable-column stk-block-column stk-column stk-block stk-fb3a53b\" data-v=\"4\" data-block-id=\"fb3a53b\"><div class=\"stk-column-wrapper stk-block-column__content stk-container stk-fb3a53b-container stk--no-background stk--no-padding\"><div class=\"stk-block-content stk-inner-blocks stk-fb3a53b-inner-blocks\">\n<div class=\"wp-block-stackable-image stk-block-image stk-block stk-75df6c7\" data-block-id=\"75df6c7\"><style>.stk-75df6c7 .stk-img-wrapper{width:80% !important}<\/style><figure><span class=\"stk-img-wrapper stk-image--shape-stretch\"><img loading=\"lazy\" decoding=\"async\" class=\"stk-img wp-image-2909\" src=\"https:\/\/theathenanet.org\/wp-content\/uploads\/2025\/05\/15.jpg\" width=\"1080\" height=\"1080\" srcset=\"https:\/\/theathenanet.org\/wp-content\/uploads\/2025\/05\/15.jpg 1080w, https:\/\/theathenanet.org\/wp-content\/uploads\/2025\/05\/15-300x300.jpg 300w, https:\/\/theathenanet.org\/wp-content\/uploads\/2025\/05\/15-1024x1024.jpg 1024w, https:\/\/theathenanet.org\/wp-content\/uploads\/2025\/05\/15-150x150.jpg 150w, https:\/\/theathenanet.org\/wp-content\/uploads\/2025\/05\/15-768x768.jpg 768w, https:\/\/theathenanet.org\/wp-content\/uploads\/2025\/05\/15-12x12.jpg 12w\" sizes=\"auto, (max-width: 1080px) 100vw, 1080px\" \/><\/span><\/figure><\/div>\n<\/div><\/div><\/div>\n\n\n\n<div class=\"wp-block-stackable-column stk-block-column stk-column stk-block stk-dd3cf17\" data-v=\"4\" data-block-id=\"dd3cf17\"><div class=\"stk-column-wrapper stk-block-column__content stk-container stk-dd3cf17-container stk--no-background stk--no-padding\"><div class=\"stk-block-content stk-inner-blocks stk-dd3cf17-inner-blocks\">\n<div class=\"wp-block-stackable-text stk-block-text stk-block stk-f1dda52\" data-block-id=\"f1dda52\"><style>.stk-f1dda52 .stk-block-text__text{font-size:25px !important;color:var(--theme-palette-color-4,#192a3d) !important}@media screen and (max-width:1023px){.stk-f1dda52 .stk-block-text__text{font-size:25px !important}}<\/style><p class=\"stk-block-text__text has-text-color\"><span style=\"color: var(--theme-palette-color-4, #192a3d);\" class=\"stk-highlight\"><strong>Maria Eugenia <\/strong><\/span><strong><span style=\"color: var(--theme-palette-color-4, #192a3d);\" class=\"stk-highlight\">M<\/span>azzino<\/strong><\/p><\/div>\n\n\n\n<div class=\"wp-block-stackable-text stk-block-text stk-block stk-0759ecc\" data-block-id=\"0759ecc\"><style>.stk-0759ecc{margin-bottom:14px !important}<\/style><p class=\"stk-block-text__text has-text-align-justify\">Mar\u00eda Eugenia Mazzino is a psychotherapist, life coach, family coach, and intercultural coach with over twenty years of professional experience in organizations focused on personal well-being and integrating culture as a central axis. She has worked in Argentina, the United States, Spain, Turkey, France, and England, consolidating her professional focus with expatriate families, migrants, and people with neurodiversity, providing emotional support to expatriates and migrants in Spanish, English, and French. She has participated as a speaker in several international conferences on mental health and interculturality. In addition to her professional practice and facilitating workshops for expatriate mothers and educational institutions, she dedicates part of her time to volunteering with migrant families. Her connection with nature, art, languages, and natural therapies enriches her professional practice and her quest to foster leadership, identity, well-being, and human understanding in multicultural contexts.<\/p><\/div>\n\n\n\n<div class=\"wp-block-stackable-text stk-block-text stk-block stk-6c3849a\" data-block-id=\"6c3849a\"><p class=\"stk-block-text__text has-text-align-justify\"><strong>Mail:<\/strong>&nbsp;meugeniamazzino@gmail.com<br><strong>Phone:<\/strong> +33 648923045<\/p><\/div>\n<\/div><\/div><\/div>\n<\/div><\/div>","protected":false},"excerpt":{"rendered":"<p>Nancy Liscano Parra Doctoranda en psicolog\u00eda. Especialista en Desarrollo personal Logoterapeuta. Email:\u00a0nancyliscano@hotmail.comTel\u00e9fono: +44 (0)793 222 5365 Maria Rosa Linforth-Hall Como concejala liberal dem\u00f3crata del barrio de St George, estoy comprometida con la defensa de la salud, la dignidad y la igualdad para todos. Act\u00fao como portavoz de la oposici\u00f3n en la Junta de Salud y [&hellip;]<\/p>","protected":false},"author":1,"featured_media":0,"parent":0,"menu_order":0,"comment_status":"closed","ping_status":"closed","template":"","meta":{"footnotes":""},"class_list":["post-2678","page","type-page","status-publish","hentry"],"blocksy_meta":[],"_links":{"self":[{"href":"https:\/\/theathenanet.org\/en\/wp-json\/wp\/v2\/pages\/2678","targetHints":{"allow":["GET"]}}],"collection":[{"href":"https:\/\/theathenanet.org\/en\/wp-json\/wp\/v2\/pages"}],"about":[{"href":"https:\/\/theathenanet.org\/en\/wp-json\/wp\/v2\/types\/page"}],"author":[{"embeddable":true,"href":"https:\/\/theathenanet.org\/en\/wp-json\/wp\/v2\/users\/1"}],"replies":[{"embeddable":true,"href":"https:\/\/theathenanet.org\/en\/wp-json\/wp\/v2\/comments?post=2678"}],"version-history":[{"count":8,"href":"https:\/\/theathenanet.org\/en\/wp-json\/wp\/v2\/pages\/2678\/revisions"}],"predecessor-version":[{"id":3014,"href":"https:\/\/theathenanet.org\/en\/wp-json\/wp\/v2\/pages\/2678\/revisions\/3014"}],"wp:attachment":[{"href":"https:\/\/theathenanet.org\/en\/wp-json\/wp\/v2\/media?parent=2678"}],"curies":[{"name":"wp","href":"https:\/\/api.w.org\/{rel}","templated":true}]}}