{"id":2833,"date":"2025-05-05T02:21:23","date_gmt":"2025-05-05T02:21:23","guid":{"rendered":"https:\/\/theathenanet.org\/?page_id=2833"},"modified":"2025-05-06T02:32:04","modified_gmt":"2025-05-06T02:32:04","slug":"videos","status":"publish","type":"page","link":"https:\/\/theathenanet.org\/en\/videos\/","title":{"rendered":"Congress Video Library"},"content":{"rendered":"<div class=\"wp-block-stackable-heading stk-block-heading stk-block-heading--v2 stk-block stk-2c51aa6\" id=\"span-style-color-var-theme-palette-color-4-192-a-3-d-class-stk-highlight-acceda-a-todos-los-enlaces-de-las-presentaciones-a-continuacion-span\" data-block-id=\"2c51aa6\"><style>.stk-2c51aa6{margin-bottom:18px !important}.stk-2c51aa6 .stk-block-heading__text{font-size:25px !important;color:var(--theme-palette-color-4,#192a3d) !important}@media screen and (max-width:1023px){.stk-2c51aa6 .stk-block-heading__text{font-size:25px !important}}<\/style><h2 class=\"stk-block-heading__text has-text-color has-text-align-left\"><span style=\"color: var(--theme-palette-color-4, #192a3d);\" class=\"stk-highlight\">Access all presentation links below<\/span>:<\/h2><\/div>\n\n\n\n<div class=\"wp-block-stackable-text stk-block-text stk-block stk-15a7193\" data-block-id=\"15a7193\"><style>.stk-15a7193{margin-bottom:0px !important}.stk-15a7193 .stk-block-text__text{font-size:17px !important}@media screen and (max-width:1023px){.stk-15a7193 .stk-block-text__text{font-size:17px !important}}<\/style><p class=\"stk-block-text__text\"><span style=\"color: var(--theme-palette-color-4, #192a3d);\" class=\"stk-highlight\"><strong>1.-<\/strong><\/span><a href=\"https:\/\/youtu.be\/E5hi65_946Y\" data-type=\"link\" data-id=\"https:\/\/youtu.be\/E5hi65_946Y\" target=\"_blank\" rel=\"noreferrer noopener\"><strong> El Viaje de Ulises: De la Dislexia a \u00cdtaca &#8211; <\/strong>Aggeliki Pappa <\/a><\/p><\/div>\n\n\n\n<div class=\"wp-block-stackable-text stk-block-text stk-block stk-e370a88\" data-block-id=\"e370a88\"><style>.stk-e370a88{overflow:hidden !important;min-height:71px !important;padding-top:0px !important;padding-right:0px !important;padding-bottom:0px !important;padding-left:0px !important;margin-bottom:0px !important}.stk-e370a88 .stk-block-text__text{font-size:17px !important;color:var(--theme-palette-color-4,#192a3d) !important;line-height:1.5em !important}@media screen and (max-width:1023px){.stk-e370a88 .stk-block-text__text{font-size:17px !important}}<\/style><p class=\"stk-block-text__text has-text-color\"><strong><span style=\"color: var(--theme-palette-color-4, #192a3d);\" class=\"stk-highlight\">2.<\/span>&#8211; <mark style=\"background-color:rgba(0, 0, 0, 0)\" class=\"has-inline-color has-palette-color-8-color\"><a href=\"https:\/\/youtu.be\/knGVSIEMir8\" target=\"_blank\" rel=\"noreferrer noopener\">At<\/a><\/mark><\/strong><mark style=\"background-color:rgba(0, 0, 0, 0)\" class=\"has-inline-color has-palette-color-8-color\"><strong><a href=\"https:\/\/youtu.be\/knGVSIEMir8\" target=\"_blank\" rel=\"noreferrer noopener\">enci\u00f3n a Mujeres Inmigrantes con Esquizofrenia | <\/a><\/strong><a href=\"https:\/\/youtu.be\/knGVSIEMir8\" target=\"_blank\" rel=\"noreferrer noopener\">Alexandre Gonz\u00e1lez Rodr\u00edguez<\/a><strong><br><span style=\"color: var(--theme-palette-color-4, #192a3d);\" class=\"stk-highlight\">3.-<\/span><a href=\"https:\/\/youtu.be\/7OTs3qZEkSg\" target=\"_blank\" rel=\"noreferrer noopener\">Distorsiones Cognitivas en Migrantes Latinoamericanos en Par\u00eds<\/a><\/strong><a href=\"https:\/\/youtu.be\/7OTs3qZEkSg\" target=\"_blank\" rel=\"noreferrer noopener\"> | Ana And\u00f3n<\/a><br><span style=\"color: var(--theme-palette-color-4, #192a3d);\" class=\"stk-highlight\"><strong>4.-<\/strong><\/span><a href=\"https:\/\/youtu.be\/E09YqsQ9L5A\" data-type=\"link\" data-id=\"https:\/\/youtu.be\/E09YqsQ9L5A\" target=\"_blank\" rel=\"noreferrer noopener\"><strong>Salud mental en adolescentes migrantes: Movilidad y falta de redes<\/strong> | Ana Luz Minera<\/a><br><strong><span style=\"color: var(--theme-palette-color-4, #192a3d);\" class=\"stk-highlight\">5.-<\/span><a href=\"https:\/\/youtu.be\/jkuXk7zL42E\" data-type=\"link\" data-id=\"https:\/\/youtu.be\/jkuXk7zL42E\" target=\"_blank\" rel=\"noreferrer noopener\">\u00bfC\u00f3mo SANAR las HERIDAS de la MIGRACI\u00d3N?<\/a><\/strong><a href=\"https:\/\/youtu.be\/jkuXk7zL42E\" data-type=\"link\" data-id=\"https:\/\/youtu.be\/jkuXk7zL42E\" target=\"_blank\" rel=\"noreferrer noopener\">| Andrea Mayoral. <\/a><\/mark><\/p><\/div>\n\n\n\n<div class=\"wp-block-stackable-text stk-block-text stk-block stk-ac76eec\" data-block-id=\"ac76eec\"><style>.stk-ac76eec{margin-bottom:0px !important}<\/style><p class=\"stk-block-text__text\"><span style=\"color: var(--theme-palette-color-4, #192a3d);\" class=\"stk-highlight\"><strong>6.-<\/strong><\/span> <a href=\"\/\" data-type=\"page\" data-id=\"2861\" target=\"_blank\" rel=\"noreferrer noopener\"><strong>El Extranjero Interior: Migraci\u00f3n y Crisis Emocionales<\/strong> | David Sucre<\/a><\/p><\/div>\n\n\n\n<div class=\"wp-block-stackable-text stk-block-text stk-block stk-da1137f\" data-block-id=\"da1137f\"><style>.stk-da1137f{margin-bottom:0px !important}<\/style><p class=\"stk-block-text__text\"><span style=\"color: var(--theme-palette-color-4, #192a3d);\" class=\"stk-highlight\"><strong>7.-<\/strong><\/span><a href=\"https:\/\/youtu.be\/5o75uWoYIR4\" data-type=\"page\" data-id=\"2862\" target=\"_blank\" rel=\"noreferrer noopener\"><strong>How to Find Purpose in Your Journey of Belonging<\/strong> \u2013 Dr. Doreen Francis<\/a><span style=\"color: var(--theme-palette-color-4, #192a3d);\" class=\"stk-highlight\"><strong><br>8.-<\/strong><\/span><a href=\"https:\/\/youtu.be\/cp2WDjH_ubU\" data-type=\"link\" data-id=\"https:\/\/youtu.be\/cp2WDjH_ubU\"><strong>Salud Mental en Migraci\u00f3n: Modelo de Intervenci\u00f3n para Mujeres Latinas <\/strong>| Dra. Graciela Polanco.<\/a><span style=\"color: var(--theme-palette-color-4, #192a3d);\" class=\"stk-highlight\"><strong><br>9.-<\/strong><\/span><a href=\"https:\/\/youtu.be\/XRttwaLrPqU\" data-type=\"link\" data-id=\"https:\/\/youtu.be\/XRttwaLrPqU\" target=\"_blank\" rel=\"noreferrer noopener\"><strong>Salud Mental para Migrantes en Tr\u00e1nsito. Investigaci\u00f3n Participativa<\/strong> |.Dra. Ietza Boj\u00f3rquez<\/a><span style=\"color: var(--theme-palette-color-4, #192a3d);\" class=\"stk-highlight\"><strong><br>10.-<\/strong><\/span><a href=\"https:\/\/youtu.be\/8U4VINUU_Z4\" data-type=\"link\" data-id=\"https:\/\/youtu.be\/8U4VINUU_Z4\" target=\"_blank\" rel=\"noreferrer noopener\"><strong>Mujeres migrantes y COVID-19: El coste psicol\u00f3gico del Trabajo dom\u00e9stico en Europa<\/strong>&#8211;Ivette Abanto.<\/a><\/p><\/div>\n\n\n\n<div class=\"wp-block-stackable-text stk-block-text stk-block stk-55ff632\" data-block-id=\"55ff632\"><style>.stk-55ff632{margin-bottom:0px !important}<\/style><p class=\"stk-block-text__text\"><span style=\"color: var(--theme-palette-color-4, #192a3d);\" class=\"stk-highlight\"><strong>11.-<\/strong><\/span><a href=\"https:\/\/youtu.be\/gx51CaWGkEU\" data-type=\"link\" data-id=\"https:\/\/youtu.be\/gx51CaWGkEU\" target=\"_blank\" rel=\"noreferrer noopener\"><strong>Salud Mental en Infancias Migrantes: Itinerarios Terap\u00e9uticos<\/strong> con Laura Poverene<\/a><span style=\"color: var(--theme-palette-color-4, #192a3d);\" class=\"stk-highlight\"><strong><br>12.-<\/strong><\/span><a href=\"https:\/\/youtu.be\/Vyv90iF1GZ0\" data-type=\"link\" data-id=\"https:\/\/youtu.be\/Vyv90iF1GZ0\" target=\"_blank\" rel=\"noreferrer noopener\"><strong>Mohala: How to Build Resilience in Migrant Youth &amp; Caregivers <\/strong>| Lucy Morse Roberts.<\/a><span style=\"color: var(--theme-palette-color-4, #192a3d);\" class=\"stk-highlight\"><strong><br>13.-<\/strong><\/span><a href=\"https:\/\/youtu.be\/NKXE_-4RZs4\" data-type=\"link\" data-id=\"https:\/\/youtu.be\/NKXE_-4RZs4\" target=\"_blank\" rel=\"noreferrer noopener\"><strong>El Duelo Migratorio en las mujeres de Almere a trav\u00e9s del lente <\/strong>de Lyla Carrillo.<\/a><span style=\"color: var(--theme-palette-color-4, #192a3d);\" class=\"stk-highlight\"><strong><br>14.-<\/strong><\/span><a href=\"https:\/\/youtu.be\/6xTM1AhQmFM\" data-type=\"page\" data-id=\"2865\" target=\"_blank\" rel=\"noreferrer noopener\"><strong>DUELO MIGRATORIO: C\u00f3mo detectarlo y abordarlo <\/strong>| Maite Ziganda San Mart\u00edn.<\/a><\/p><\/div>\n\n\n\n<div class=\"wp-block-stackable-text stk-block-text stk-block stk-c8ebd27\" data-block-id=\"c8ebd27\"><style>.stk-c8ebd27{margin-bottom:0px !important}<\/style><p class=\"stk-block-text__text\"><span style=\"color: var(--theme-palette-color-4, #192a3d);\" class=\"stk-highlight\"><strong>15.-<\/strong><\/span><a href=\"https:\/\/youtu.be\/iFiyor_eWz0\" data-type=\"page\" data-id=\"2862\" target=\"_blank\" rel=\"noreferrer noopener\"><strong>Loneliness &amp; Mental Health in Southwark\u2019s Elderly Migrants <\/strong>| Cllr Mar\u00eda Linforth-Hall<\/a><span style=\"color: var(--theme-palette-color-4, #192a3d);\" class=\"stk-highlight\"><strong><br>16.-<\/strong><\/span><a href=\"https:\/\/youtu.be\/ghG3NVB63Cg\" data-type=\"page\" data-id=\"2863\" target=\"_blank\" rel=\"noreferrer noopener\"><strong>Retos de las Familias Expatriadas: Migraciones M\u00faltiples y Salud Mental <\/strong>| Mar\u00eda Eugenia Mazzino.<\/a><span style=\"color: var(--theme-palette-color-4, #192a3d);\" class=\"stk-highlight\"><strong><br>17.-<\/strong><\/span><a href=\"https:\/\/youtu.be\/EGTp-2kx3I0\" data-type=\"link\" data-id=\"https:\/\/youtu.be\/EGTp-2kx3I0\" target=\"_blank\" rel=\"noreferrer noopener\"><strong>At Arm\u2019s Length: La visi\u00f3n art\u00edstica<\/strong> de Marielena Ferrer-Harrington.<\/a><span style=\"color: var(--theme-palette-color-4, #192a3d);\" class=\"stk-highlight\"><strong><br>18.-<\/strong><\/span><a href=\"https:\/\/youtu.be\/YhUZMxMsOqo\" data-type=\"link\" data-id=\"https:\/\/youtu.be\/YhUZMxMsOqo\" target=\"_blank\" rel=\"noreferrer noopener\"><strong>Reagrupaci\u00f3n Familiar y Salud Mental en Latinoamericanos en Londres <\/strong>| Nancy Liscano Parra<\/a><\/p><\/div>\n\n\n\n<div class=\"wp-block-stackable-text stk-block-text stk-block stk-1721d5d\" data-block-id=\"1721d5d\"><style>.stk-1721d5d{margin-bottom:0px !important}<\/style><p class=\"stk-block-text__text\"><span style=\"color: var(--theme-palette-color-4, #192a3d);\" class=\"stk-highlight\"><strong>19.-<\/strong><\/span><a href=\"https:\/\/youtu.be\/byRRQnNSmJ4\" data-type=\"link\" data-id=\"https:\/\/youtu.be\/byRRQnNSmJ4\" target=\"_blank\" rel=\"noreferrer noopener\"><strong>Salud Mental y Migraci\u00f3n en M\u00e9xico | Perspectivas P\u00fablicas, Privadas y ONGs<\/strong>| Dra. Nayelhi Saavedra\u00bb<\/a><span style=\"color: var(--theme-palette-color-4, #192a3d);\" class=\"stk-highlight\"><strong><br>20.-<\/strong><\/span><a href=\"https:\/\/youtu.be\/_P-jbcndV1w\" data-type=\"link\" data-id=\"https:\/\/youtu.be\/_P-jbcndV1w\" target=\"_blank\" rel=\"noreferrer noopener\"><strong>Claves para una Integraci\u00f3n Migrante Exitosa<\/strong> | Jos\u00e9 Luis Loera..<\/a><span style=\"color: var(--theme-palette-color-4, #192a3d);\" class=\"stk-highlight\"><strong><br><\/strong><\/span><\/p><\/div>\n\n\n\n<p><\/p>","protected":false},"excerpt":{"rendered":"<p>Acceda a todos los enlaces de las presentaciones a continuaci\u00f3n: 1.- El Viaje de Ulises: De la Dislexia a \u00cdtaca &#8211; Aggeliki Pappa 2.&#8211; Atenci\u00f3n a Mujeres Inmigrantes con Esquizofrenia | Alexandre Gonz\u00e1lez Rodr\u00edguez3.-Distorsiones Cognitivas en Migrantes Latinoamericanos en Par\u00eds | Ana And\u00f3n4.-Salud mental en adolescentes migrantes: Movilidad y falta de redes | Ana Luz [&hellip;]<\/p>","protected":false},"author":1,"featured_media":0,"parent":0,"menu_order":0,"comment_status":"closed","ping_status":"closed","template":"","meta":{"footnotes":""},"class_list":["post-2833","page","type-page","status-publish","hentry"],"blocksy_meta":[],"_links":{"self":[{"href":"https:\/\/theathenanet.org\/en\/wp-json\/wp\/v2\/pages\/2833","targetHints":{"allow":["GET"]}}],"collection":[{"href":"https:\/\/theathenanet.org\/en\/wp-json\/wp\/v2\/pages"}],"about":[{"href":"https:\/\/theathenanet.org\/en\/wp-json\/wp\/v2\/types\/page"}],"author":[{"embeddable":true,"href":"https:\/\/theathenanet.org\/en\/wp-json\/wp\/v2\/users\/1"}],"replies":[{"embeddable":true,"href":"https:\/\/theathenanet.org\/en\/wp-json\/wp\/v2\/comments?post=2833"}],"version-history":[{"count":29,"href":"https:\/\/theathenanet.org\/en\/wp-json\/wp\/v2\/pages\/2833\/revisions"}],"predecessor-version":[{"id":2872,"href":"https:\/\/theathenanet.org\/en\/wp-json\/wp\/v2\/pages\/2833\/revisions\/2872"}],"wp:attachment":[{"href":"https:\/\/theathenanet.org\/en\/wp-json\/wp\/v2\/media?parent=2833"}],"curies":[{"name":"wp","href":"https:\/\/api.w.org\/{rel}","templated":true}]}}