{"id":2878,"date":"2025-05-06T15:22:41","date_gmt":"2025-05-06T15:22:41","guid":{"rendered":"https:\/\/theathenanet.org\/?page_id=2878"},"modified":"2025-05-06T15:26:08","modified_gmt":"2025-05-06T15:26:08","slug":"camerun","status":"publish","type":"page","link":"https:\/\/theathenanet.org\/en\/camerun\/","title":{"rendered":"Cameroon"},"content":{"rendered":"<div class=\"wp-block-stackable-columns stk-block-columns stk-block stk-f7a06f1\" data-block-id=\"f7a06f1\"><div class=\"stk-row stk-inner-blocks stk-block-content stk-content-align stk-f7a06f1-column\"><\/div><\/div>\n\n\n\n<div class=\"wp-block-stackable-columns stk-block-columns stk-block stk-5c5900c\" data-block-id=\"5c5900c\"><style>.stk-5c5900c{margin-bottom:0px !important}<\/style><div class=\"stk-row stk-inner-blocks stk-block-content stk-content-align stk-5c5900c-column\">\n<div class=\"wp-block-stackable-column stk-block-column stk-column stk-block stk-92e53cb\" data-v=\"4\" data-block-id=\"92e53cb\"><div class=\"stk-column-wrapper stk-block-column__content stk-container stk-92e53cb-container stk--no-background stk--no-padding\"><div class=\"stk-block-content stk-inner-blocks stk-92e53cb-inner-blocks\">\n<div class=\"wp-block-stackable-image stk-block-image stk-block stk-f115d19\" data-block-id=\"f115d19\"><style>.stk-f115d19 .stk-img-wrapper{width:50% !important}<\/style><figure><span class=\"stk-img-wrapper stk-image--shape-stretch\"><img loading=\"lazy\" decoding=\"async\" class=\"stk-img wp-image-2876\" src=\"https:\/\/theathenanet.org\/wp-content\/uploads\/2025\/05\/Piti.jpg\" width=\"1080\" height=\"1080\" srcset=\"https:\/\/theathenanet.org\/wp-content\/uploads\/2025\/05\/Piti.jpg 1080w, https:\/\/theathenanet.org\/wp-content\/uploads\/2025\/05\/Piti-300x300.jpg 300w, https:\/\/theathenanet.org\/wp-content\/uploads\/2025\/05\/Piti-1024x1024.jpg 1024w, https:\/\/theathenanet.org\/wp-content\/uploads\/2025\/05\/Piti-150x150.jpg 150w, https:\/\/theathenanet.org\/wp-content\/uploads\/2025\/05\/Piti-768x768.jpg 768w, https:\/\/theathenanet.org\/wp-content\/uploads\/2025\/05\/Piti-12x12.jpg 12w\" sizes=\"auto, (max-width: 1080px) 100vw, 1080px\" \/><\/span><\/figure><\/div>\n<\/div><\/div><\/div>\n\n\n\n<div class=\"wp-block-stackable-column stk-block-column stk-column stk-block stk-4172c10\" data-v=\"4\" data-block-id=\"4172c10\"><div class=\"stk-column-wrapper stk-block-column__content stk-container stk-4172c10-container stk--no-background stk--no-padding\"><div class=\"stk-block-content stk-inner-blocks stk-4172c10-inner-blocks\">\n<div class=\"wp-block-stackable-heading stk-block-heading stk-block-heading--v2 stk-block stk-5639146\" id=\"alain-pitti-djida\" data-block-id=\"5639146\"><style>.stk-5639146{margin-bottom:0px !important}.stk-5639146 .stk-block-heading__text{font-size:25px !important;color:var(--theme-palette-color-4,#192a3d) !important}@media screen and (max-width:1023px){.stk-5639146 .stk-block-heading__text{font-size:25px !important}}<\/style><h2 class=\"stk-block-heading__text has-text-color\">Alain Pitti Djida<\/h2><\/div>\n\n\n\n<div class=\"wp-block-stackable-text stk-block-text stk-block stk-000310b\" data-block-id=\"000310b\"><p class=\"stk-block-text__text has-text-align-justify\">I am a Cameroonian priest specializing in Pharmaceutical Chemistry and Bioengineering. I am the leader of the African Catholic community in Barcelona. I have extensive experience in counseling individuals and groups.<\/p><\/div>\n\n\n\n<div class=\"wp-block-stackable-text stk-block-text stk-block stk-71094a8\" data-block-id=\"71094a8\"><style>.stk-71094a8{margin-bottom:0px !important}<\/style><p class=\"stk-block-text__text has-text-align-justify\">Mail: alainpitti2018@gmail.com  <\/p><\/div>\n\n\n\n<div class=\"wp-block-stackable-text stk-block-text stk-block stk-ca7fb08\" data-block-id=\"ca7fb08\"><style>.stk-ca7fb08{margin-bottom:0px !important}<\/style><p class=\"stk-block-text__text has-text-align-justify\">Phone: 645870968 <\/p><\/div>\n<\/div><\/div><\/div>\n<\/div><\/div>\n\n\n\n<p><\/p>","protected":false},"excerpt":{"rendered":"<p>Alain Pitti Djida Soy Sacerdote camerunes especializado en Qu\u00edmica Farmac\u00e9utica y en Bioingenier\u00eda. Responsable de la comunidad africana cat\u00f3lica de Barcelona. Una larga experiencia en acompa\u00f1amiento de inviduos y de grupos. Email: alainpitti2018@gmail.com Tel\u00e9fono: 645870968<\/p>","protected":false},"author":1,"featured_media":0,"parent":0,"menu_order":0,"comment_status":"closed","ping_status":"closed","template":"","meta":{"footnotes":""},"class_list":["post-2878","page","type-page","status-publish","hentry"],"blocksy_meta":[],"_links":{"self":[{"href":"https:\/\/theathenanet.org\/en\/wp-json\/wp\/v2\/pages\/2878","targetHints":{"allow":["GET"]}}],"collection":[{"href":"https:\/\/theathenanet.org\/en\/wp-json\/wp\/v2\/pages"}],"about":[{"href":"https:\/\/theathenanet.org\/en\/wp-json\/wp\/v2\/types\/page"}],"author":[{"embeddable":true,"href":"https:\/\/theathenanet.org\/en\/wp-json\/wp\/v2\/users\/1"}],"replies":[{"embeddable":true,"href":"https:\/\/theathenanet.org\/en\/wp-json\/wp\/v2\/comments?post=2878"}],"version-history":[{"count":3,"href":"https:\/\/theathenanet.org\/en\/wp-json\/wp\/v2\/pages\/2878\/revisions"}],"predecessor-version":[{"id":2882,"href":"https:\/\/theathenanet.org\/en\/wp-json\/wp\/v2\/pages\/2878\/revisions\/2882"}],"wp:attachment":[{"href":"https:\/\/theathenanet.org\/en\/wp-json\/wp\/v2\/media?parent=2878"}],"curies":[{"name":"wp","href":"https:\/\/api.w.org\/{rel}","templated":true}]}}