{"id":2899,"date":"2025-05-13T17:47:56","date_gmt":"2025-05-13T17:47:56","guid":{"rendered":"https:\/\/theathenanet.org\/?page_id=2899"},"modified":"2025-07-25T12:16:15","modified_gmt":"2025-07-25T12:16:15","slug":"japon-2","status":"publish","type":"page","link":"https:\/\/theathenanet.org\/en\/japon-2\/","title":{"rendered":"Japan"},"content":{"rendered":"<div class=\"wp-block-stackable-columns stk-block-columns stk-block stk-b7a65ba\" data-block-id=\"b7a65ba\"><style>.stk-b7a65ba{margin-bottom:0px !important}<\/style><div class=\"stk-row stk-inner-blocks stk-block-content stk-content-align stk-b7a65ba-column\">\n<div class=\"wp-block-stackable-column stk-block-column stk-column stk-block stk-aeac17e\" data-v=\"4\" data-block-id=\"aeac17e\"><div class=\"stk-column-wrapper stk-block-column__content stk-container stk-aeac17e-container stk--no-background stk--no-padding\"><div class=\"stk-block-content stk-inner-blocks stk-aeac17e-inner-blocks\">\n<div class=\"wp-block-stackable-image stk-block-image stk-block stk-f4b1788\" data-block-id=\"f4b1788\"><style>.stk-f4b1788 .stk-img-wrapper{width:50% !important}<\/style><figure><span class=\"stk-img-wrapper stk-image--shape-stretch\"><img loading=\"lazy\" decoding=\"async\" class=\"stk-img wp-image-3007\" src=\"https:\/\/theathenanet.org\/wp-content\/uploads\/2025\/07\/17-1.jpg\" width=\"1080\" height=\"1080\" srcset=\"https:\/\/theathenanet.org\/wp-content\/uploads\/2025\/07\/17-1.jpg 1080w, https:\/\/theathenanet.org\/wp-content\/uploads\/2025\/07\/17-1-300x300.jpg 300w, https:\/\/theathenanet.org\/wp-content\/uploads\/2025\/07\/17-1-1024x1024.jpg 1024w, https:\/\/theathenanet.org\/wp-content\/uploads\/2025\/07\/17-1-150x150.jpg 150w, https:\/\/theathenanet.org\/wp-content\/uploads\/2025\/07\/17-1-768x768.jpg 768w, https:\/\/theathenanet.org\/wp-content\/uploads\/2025\/07\/17-1-12x12.jpg 12w\" sizes=\"auto, (max-width: 1080px) 100vw, 1080px\" \/><\/span><\/figure><\/div>\n<\/div><\/div><\/div>\n\n\n\n<div class=\"wp-block-stackable-column stk-block-column stk-column stk-block stk-b2cdeb2\" data-v=\"4\" data-block-id=\"b2cdeb2\"><div class=\"stk-column-wrapper stk-block-column__content stk-container stk-b2cdeb2-container stk--no-background stk--no-padding\"><div class=\"stk-block-content stk-inner-blocks stk-b2cdeb2-inner-blocks\">\n<div class=\"wp-block-stackable-text stk-block-text stk-block stk-e217cb4\" data-block-id=\"e217cb4\"><style>.stk-e217cb4{margin-bottom:0px !important}.stk-e217cb4 .stk-block-text__text{font-size:25px !important}@media screen and (max-width:1023px){.stk-e217cb4 .stk-block-text__text{font-size:25px !important}}<\/style><p class=\"stk-block-text__text\"><strong>Dr. Yu Abe<\/strong><\/p><\/div>\n\n\n\n<div class=\"wp-block-stackable-text stk-block-text stk-block stk-353d115\" data-block-id=\"353d115\"><style>.stk-353d115{margin-bottom:15px !important}<\/style><p class=\"stk-block-text__text has-text-align-justify\">Psychiatrist<br>Yotsuya Yui Clinic.<\/p><\/div>\n\n\n\n<div class=\"wp-block-stackable-text stk-block-text stk-block stk-ab0cf41\" data-block-id=\"ab0cf41\"><style>.stk-ab0cf41{margin-bottom:0px !important}<\/style><p class=\"stk-block-text__text\">Email: fisy@psy.meijigakuin.ac.jp<\/p><\/div>\n\n\n\n<div class=\"wp-block-stackable-text stk-block-text stk-block stk-6975c95\" data-block-id=\"6975c95\"><p class=\"stk-block-text__text\">Tel\u00e9fono: +81 90 8451 6946<\/p><\/div>\n<\/div><\/div><\/div>\n<\/div><\/div>\n\n\n\n<div class=\"wp-block-stackable-divider stk-block-divider stk-block stk-07eb27b\" data-block-id=\"07eb27b\"><hr class=\"stk-block-divider__hr\"\/><\/div>\n\n\n\n<div class=\"wp-block-stackable-columns stk-block-columns stk-block stk-4042e43\" data-block-id=\"4042e43\"><style>.stk-4042e43{margin-bottom:0px !important}<\/style><div class=\"stk-row stk-inner-blocks stk-block-content stk-content-align stk-4042e43-column\">\n<div class=\"wp-block-stackable-column stk-block-column stk-column stk-block stk-f4b28df\" data-v=\"4\" data-block-id=\"f4b28df\"><div class=\"stk-column-wrapper stk-block-column__content stk-container stk-f4b28df-container stk--no-background stk--no-padding\"><div class=\"stk-block-content stk-inner-blocks stk-f4b28df-inner-blocks\">\n<div class=\"wp-block-stackable-image stk-block-image stk-block stk-f8bc612\" data-block-id=\"f8bc612\"><style>.stk-f8bc612 .stk-img-wrapper{width:50% !important}<\/style><figure><span class=\"stk-img-wrapper stk-image--shape-stretch\"><img loading=\"lazy\" decoding=\"async\" class=\"stk-img wp-image-2905\" src=\"https:\/\/theathenanet.org\/wp-content\/uploads\/2025\/05\/11.jpg\" width=\"1080\" height=\"1080\" srcset=\"https:\/\/theathenanet.org\/wp-content\/uploads\/2025\/05\/11.jpg 1080w, https:\/\/theathenanet.org\/wp-content\/uploads\/2025\/05\/11-300x300.jpg 300w, https:\/\/theathenanet.org\/wp-content\/uploads\/2025\/05\/11-1024x1024.jpg 1024w, https:\/\/theathenanet.org\/wp-content\/uploads\/2025\/05\/11-150x150.jpg 150w, https:\/\/theathenanet.org\/wp-content\/uploads\/2025\/05\/11-768x768.jpg 768w, https:\/\/theathenanet.org\/wp-content\/uploads\/2025\/05\/11-12x12.jpg 12w\" sizes=\"auto, (max-width: 1080px) 100vw, 1080px\" \/><\/span><\/figure><\/div>\n<\/div><\/div><\/div>\n\n\n\n<div class=\"wp-block-stackable-column stk-block-column stk-column stk-block stk-1b93209\" data-v=\"4\" data-block-id=\"1b93209\"><div class=\"stk-column-wrapper stk-block-column__content stk-container stk-1b93209-container stk--no-background stk--no-padding\"><div class=\"stk-block-content stk-inner-blocks stk-1b93209-inner-blocks\">\n<div class=\"wp-block-stackable-text stk-block-text stk-block stk-3b5d5fb\" data-block-id=\"3b5d5fb\"><style>.stk-3b5d5fb{margin-bottom:0px !important}.stk-3b5d5fb .stk-block-text__text{font-size:25px !important}@media screen and (max-width:1023px){.stk-3b5d5fb .stk-block-text__text{font-size:25px !important}}<\/style><p class=\"stk-block-text__text\"><strong>N\u00e9lida Tanaka Wada<\/strong><\/p><\/div>\n\n\n\n<div class=\"wp-block-stackable-text stk-block-text stk-block stk-39b2ec2\" data-block-id=\"39b2ec2\"><style>.stk-39b2ec2{margin-bottom:15px !important}<\/style><p class=\"stk-block-text__text has-text-align-justify\">Licensed in Japan, providing culturally sensitive therapy in multicultural settings.\n\nCurrently practicing at:\n\nA psychiatric clinic with a diverse international patient population.\n\nA correctional facility, offering mental health support to Spanish- and English-speaking individuals.\n\nCommunity outreach focused on Latin American populations, addressing mental health disparities through workshops and advocacy.\n\nApproach:\nPsychoanalytically informed therapy, adapting to linguistic and cultural contexts to foster resilience and insight.<\/p><\/div>\n\n\n\n<div class=\"wp-block-stackable-text stk-block-text stk-block stk-f37c128\" data-block-id=\"f37c128\"><style>.stk-f37c128{margin-bottom:0px !important}<\/style><p class=\"stk-block-text__text\">Email: nelidatw2000@gmail.com<\/p><\/div>\n\n\n\n<div class=\"wp-block-stackable-text stk-block-text stk-block stk-e8473e6\" data-block-id=\"e8473e6\"><p class=\"stk-block-text__text\">Tel\u00e9fono: +81 090 2245 4021<\/p><\/div>\n<\/div><\/div><\/div>\n<\/div><\/div>\n\n\n\n<p><\/p>","protected":false},"excerpt":{"rendered":"<p>Dr. Yu Abe M\u00e9dico psiquiatraYotsuya Yui Clinic. Email: fisy@psy.meijigakuin.ac.jp Tel\u00e9fono: +81 90 8451 6946 N\u00e9lida Tanaka Wada Psic\u00f3loga cl\u00ednica licenciada en Jap\u00f3n. De orientaci\u00f3n psicoanal\u00edtica. Trabajando actualmente en un cl\u00ednica psiqui\u00e1trica multicultural y en una instituci\u00f3n correccional con alcance a personas hispanohablantes y de habla inglesa. Trabajo de extensi\u00f3n a la comunidad latinoamericana. Email: nelidatw2000@gmail.com [&hellip;]<\/p>","protected":false},"author":1,"featured_media":0,"parent":0,"menu_order":0,"comment_status":"closed","ping_status":"closed","template":"","meta":{"footnotes":""},"class_list":["post-2899","page","type-page","status-publish","hentry"],"blocksy_meta":[],"_links":{"self":[{"href":"https:\/\/theathenanet.org\/en\/wp-json\/wp\/v2\/pages\/2899","targetHints":{"allow":["GET"]}}],"collection":[{"href":"https:\/\/theathenanet.org\/en\/wp-json\/wp\/v2\/pages"}],"about":[{"href":"https:\/\/theathenanet.org\/en\/wp-json\/wp\/v2\/types\/page"}],"author":[{"embeddable":true,"href":"https:\/\/theathenanet.org\/en\/wp-json\/wp\/v2\/users\/1"}],"replies":[{"embeddable":true,"href":"https:\/\/theathenanet.org\/en\/wp-json\/wp\/v2\/comments?post=2899"}],"version-history":[{"count":5,"href":"https:\/\/theathenanet.org\/en\/wp-json\/wp\/v2\/pages\/2899\/revisions"}],"predecessor-version":[{"id":3012,"href":"https:\/\/theathenanet.org\/en\/wp-json\/wp\/v2\/pages\/2899\/revisions\/3012"}],"wp:attachment":[{"href":"https:\/\/theathenanet.org\/en\/wp-json\/wp\/v2\/media?parent=2899"}],"curies":[{"name":"wp","href":"https:\/\/api.w.org\/{rel}","templated":true}]}}