{"id":2928,"date":"2025-05-13T18:37:48","date_gmt":"2025-05-13T18:37:48","guid":{"rendered":"https:\/\/theathenanet.org\/?page_id=2928"},"modified":"2025-05-13T18:38:51","modified_gmt":"2025-05-13T18:38:51","slug":"chile","status":"publish","type":"page","link":"https:\/\/theathenanet.org\/en\/chile\/","title":{"rendered":"Chile"},"content":{"rendered":"<div class=\"wp-block-stackable-columns stk-block-columns stk-block stk-8c54a37\" data-block-id=\"8c54a37\"><div class=\"stk-row stk-inner-blocks stk-block-content stk-content-align stk-8c54a37-column\">\n<div class=\"wp-block-stackable-column stk-block-column stk-column stk-block stk-e579014\" data-v=\"4\" data-block-id=\"e579014\"><div class=\"stk-column-wrapper stk-block-column__content stk-container stk-e579014-container stk--no-background stk--no-padding\"><div class=\"stk-block-content stk-inner-blocks stk-e579014-inner-blocks\">\n<div class=\"wp-block-stackable-image stk-block-image stk-block stk-941945a\" data-block-id=\"941945a\"><style>.stk-941945a .stk-img-wrapper{width:50% !important}<\/style><figure><span class=\"stk-img-wrapper stk-image--shape-stretch\"><img loading=\"lazy\" decoding=\"async\" class=\"stk-img wp-image-2908\" src=\"https:\/\/theathenanet.org\/wp-content\/uploads\/2025\/05\/14.jpg\" width=\"1080\" height=\"1080\" srcset=\"https:\/\/theathenanet.org\/wp-content\/uploads\/2025\/05\/14.jpg 1080w, https:\/\/theathenanet.org\/wp-content\/uploads\/2025\/05\/14-300x300.jpg 300w, https:\/\/theathenanet.org\/wp-content\/uploads\/2025\/05\/14-1024x1024.jpg 1024w, https:\/\/theathenanet.org\/wp-content\/uploads\/2025\/05\/14-150x150.jpg 150w, https:\/\/theathenanet.org\/wp-content\/uploads\/2025\/05\/14-768x768.jpg 768w, https:\/\/theathenanet.org\/wp-content\/uploads\/2025\/05\/14-12x12.jpg 12w\" sizes=\"auto, (max-width: 1080px) 100vw, 1080px\" \/><\/span><\/figure><\/div>\n<\/div><\/div><\/div>\n\n\n\n<div class=\"wp-block-stackable-column stk-block-column stk-column stk-block stk-30f6db2\" data-v=\"4\" data-block-id=\"30f6db2\"><div class=\"stk-column-wrapper stk-block-column__content stk-container stk-30f6db2-container stk--no-background stk--no-padding\"><div class=\"stk-block-content stk-inner-blocks stk-30f6db2-inner-blocks\">\n<div class=\"wp-block-stackable-text stk-block-text stk-block stk-4d284be\" data-block-id=\"4d284be\"><style>.stk-4d284be{margin-bottom:10px !important}.stk-4d284be .stk-block-text__text{font-size:25px !important;color:var(--theme-palette-color-4,#192a3d) !important}@media screen and (max-width:1023px){.stk-4d284be .stk-block-text__text{font-size:25px !important}}<\/style><p class=\"stk-block-text__text has-text-color\"><span style=\"color: var(--theme-palette-color-4, #192a3d);\" class=\"stk-highlight\"><strong>Mar\u00eda Roc\u00edo Menanteux Suazo<\/strong><\/span><\/p><\/div>\n\n\n\n<div class=\"wp-block-stackable-text stk-block-text stk-block stk-5bcad85\" data-block-id=\"5bcad85\"><style>.stk-5bcad85{margin-bottom:15px !important}<\/style><p class=\"stk-block-text__text has-text-align-justify\">Social Worker (BA) and Licensed Social Worker. Master\u2019s in Community Psychology and PhD Candidate in Human Sciences. Founder and Director of Marq\u2019ay NGO, an organization dedicated to promoting the inclusion of displaced peoples in Chile. Feminist, anti-racist, and migrant rights activist. Has taught at multiple Chilean universities. Her research and professional work focus on migration and gender-based violence in healthcare, with a particular emphasis on obstetric and gynecological violence against migrant women.<\/p><\/div>\n\n\n\n<div class=\"wp-block-stackable-text stk-block-text stk-block stk-0477a0e\" data-block-id=\"0477a0e\"><p class=\"stk-block-text__text\">Mail: m.rocio.menanteux@gmail.com<br>Phone: + 569 8987 6676<\/p><\/div>\n<\/div><\/div><\/div>\n<\/div><\/div>\n\n\n\n<p><\/p>","protected":false},"excerpt":{"rendered":"<p>Mar\u00eda Roc\u00edo Menanteux Suazo Licenciada en Trabajo Social y Trabajadora Social. Mag\u00edster en Psicolog\u00eda Comunitaria y Candidata a Doctora en Ciencias Humanas. Fundadora y directora de la ONG Marq&#8217;ay, orientada a favorecer los procesos de inclusi\u00f3n de personas en situaci\u00f3n de movilidad humana en Chile. Feminista, antirracista y activista pro migrante. Ha ejercido la docencia [&hellip;]<\/p>","protected":false},"author":1,"featured_media":0,"parent":0,"menu_order":0,"comment_status":"closed","ping_status":"closed","template":"","meta":{"footnotes":""},"class_list":["post-2928","page","type-page","status-publish","hentry"],"blocksy_meta":[],"_links":{"self":[{"href":"https:\/\/theathenanet.org\/en\/wp-json\/wp\/v2\/pages\/2928","targetHints":{"allow":["GET"]}}],"collection":[{"href":"https:\/\/theathenanet.org\/en\/wp-json\/wp\/v2\/pages"}],"about":[{"href":"https:\/\/theathenanet.org\/en\/wp-json\/wp\/v2\/types\/page"}],"author":[{"embeddable":true,"href":"https:\/\/theathenanet.org\/en\/wp-json\/wp\/v2\/users\/1"}],"replies":[{"embeddable":true,"href":"https:\/\/theathenanet.org\/en\/wp-json\/wp\/v2\/comments?post=2928"}],"version-history":[{"count":2,"href":"https:\/\/theathenanet.org\/en\/wp-json\/wp\/v2\/pages\/2928\/revisions"}],"predecessor-version":[{"id":2931,"href":"https:\/\/theathenanet.org\/en\/wp-json\/wp\/v2\/pages\/2928\/revisions\/2931"}],"wp:attachment":[{"href":"https:\/\/theathenanet.org\/en\/wp-json\/wp\/v2\/media?parent=2928"}],"curies":[{"name":"wp","href":"https:\/\/api.w.org\/{rel}","templated":true}]}}