{"id":3019,"date":"2025-07-25T13:03:54","date_gmt":"2025-07-25T13:03:54","guid":{"rendered":"https:\/\/theathenanet.org\/?page_id=3019"},"modified":"2025-07-25T13:10:23","modified_gmt":"2025-07-25T13:10:23","slug":"republica-arabe-saharaui-democratica","status":"publish","type":"page","link":"https:\/\/theathenanet.org\/en\/republica-arabe-saharaui-democratica\/","title":{"rendered":"Rep\u00fablica \u00c1rabe Saharaui Democr\u00e1tica"},"content":{"rendered":"<div class=\"wp-block-stackable-columns stk-block-columns stk-block stk-ff3eaaa\" data-block-id=\"ff3eaaa\"><div class=\"stk-row stk-inner-blocks stk-block-content stk-content-align stk-ff3eaaa-column\">\n<div class=\"wp-block-stackable-column stk-block-column stk-column stk-block stk-c7a9280\" data-v=\"4\" data-block-id=\"c7a9280\"><div class=\"stk-column-wrapper stk-block-column__content stk-container stk-c7a9280-container stk--no-background stk--no-padding\"><div class=\"stk-block-content stk-inner-blocks stk-c7a9280-inner-blocks\">\n<div class=\"wp-block-stackable-image stk-block-image stk-block stk-b8a44aa\" data-block-id=\"b8a44aa\"><style>.stk-b8a44aa .stk-img-wrapper{width:50% !important}<\/style><figure><span class=\"stk-img-wrapper stk-image--shape-stretch\"><img loading=\"lazy\" decoding=\"async\" class=\"stk-img wp-image-3005\" src=\"https:\/\/theathenanet.org\/wp-content\/uploads\/2025\/07\/19-1.jpg\" width=\"1080\" height=\"1080\" srcset=\"https:\/\/theathenanet.org\/wp-content\/uploads\/2025\/07\/19-1.jpg 1080w, https:\/\/theathenanet.org\/wp-content\/uploads\/2025\/07\/19-1-300x300.jpg 300w, https:\/\/theathenanet.org\/wp-content\/uploads\/2025\/07\/19-1-1024x1024.jpg 1024w, https:\/\/theathenanet.org\/wp-content\/uploads\/2025\/07\/19-1-150x150.jpg 150w, https:\/\/theathenanet.org\/wp-content\/uploads\/2025\/07\/19-1-768x768.jpg 768w, https:\/\/theathenanet.org\/wp-content\/uploads\/2025\/07\/19-1-12x12.jpg 12w\" sizes=\"auto, (max-width: 1080px) 100vw, 1080px\" \/><\/span><\/figure><\/div>\n<\/div><\/div><\/div>\n\n\n\n<div class=\"wp-block-stackable-column stk-block-column stk-column stk-block stk-9a43904\" data-v=\"4\" data-block-id=\"9a43904\"><div class=\"stk-column-wrapper stk-block-column__content stk-container stk-9a43904-container stk--no-background stk--no-padding\"><div class=\"stk-block-content stk-inner-blocks stk-9a43904-inner-blocks\">\n<div class=\"wp-block-stackable-text stk-block-text stk-block stk-9088775\" data-block-id=\"9088775\"><style>.stk-9088775{margin-bottom:0px !important}<\/style><p class=\"stk-block-text__text\"><strong><span style=\"color: var(--theme-palette-color-4, #192a3d);\" class=\"stk-highlight\">Doumaha Alyene<\/span><\/strong><\/p><\/div>\n\n\n\n<div class=\"wp-block-stackable-text stk-block-text stk-block stk-57fc2c8\" data-block-id=\"57fc2c8\"><style>.stk-57fc2c8{margin-bottom:0px !important}<\/style><p class=\"stk-block-text__text\"><strong>Psic\u00f3loga Cl\u00ednica<\/strong>&nbsp;con experiencia en contextos humanitarios. Actualmente&nbsp;<strong>Directora Central de Asistencia M\u00e9dica y Salud Mental<\/strong>&nbsp;en los campamentos de refugiados Saharauis (Tindouf, Argelia). Ponente internacional y colaboradora en publicaciones cient\u00edficas y de divulgaci\u00f3n. Miembro del&nbsp;<strong>Grupo de Investigaci\u00f3n en Psicolog\u00eda del Testimonio<\/strong>&nbsp;(Universidad Complutense de Madrid). Comprometida con la intervenci\u00f3n psicol\u00f3gica en poblaciones vulnerables y la defensa de los derechos humanos.<\/p><\/div>\n\n\n\n<div class=\"wp-block-stackable-text stk-block-text stk-block stk-898eee6\" data-block-id=\"898eee6\"><style>.stk-898eee6{margin-bottom:0px !important}<\/style><p class=\"stk-block-text__text\"><strong><span style=\"color: var(--theme-palette-color-4, #192a3d);\" class=\"stk-highlight\">Mail<\/span><\/strong>:dumaha2018@gmail.com<\/p><\/div>\n\n\n\n<div class=\"wp-block-stackable-text stk-block-text stk-block stk-6f5012b\" data-block-id=\"6f5012b\"><p class=\"stk-block-text__text\"><strong><span style=\"color: var(--theme-palette-color-4, #192a3d);\" class=\"stk-highlight\">Phone<\/span><\/strong>: +213 699 621 128<\/p><\/div>\n<\/div><\/div><\/div>\n<\/div><\/div>\n\n\n\n<p><\/p>","protected":false},"excerpt":{"rendered":"<p>Doumaha Alyene Psic\u00f3loga Cl\u00ednica&nbsp;con experiencia en contextos humanitarios. Actualmente&nbsp;Directora Central de Asistencia M\u00e9dica y Salud Mental&nbsp;en los campamentos de refugiados Saharauis (Tindouf, Argelia). Ponente internacional y colaboradora en publicaciones cient\u00edficas y de divulgaci\u00f3n. Miembro del&nbsp;Grupo de Investigaci\u00f3n en Psicolog\u00eda del Testimonio&nbsp;(Universidad Complutense de Madrid). Comprometida con la intervenci\u00f3n psicol\u00f3gica en poblaciones vulnerables y la defensa [&hellip;]<\/p>","protected":false},"author":1,"featured_media":0,"parent":0,"menu_order":0,"comment_status":"closed","ping_status":"closed","template":"","meta":{"footnotes":""},"class_list":["post-3019","page","type-page","status-publish","hentry"],"blocksy_meta":[],"_links":{"self":[{"href":"https:\/\/theathenanet.org\/en\/wp-json\/wp\/v2\/pages\/3019","targetHints":{"allow":["GET"]}}],"collection":[{"href":"https:\/\/theathenanet.org\/en\/wp-json\/wp\/v2\/pages"}],"about":[{"href":"https:\/\/theathenanet.org\/en\/wp-json\/wp\/v2\/types\/page"}],"author":[{"embeddable":true,"href":"https:\/\/theathenanet.org\/en\/wp-json\/wp\/v2\/users\/1"}],"replies":[{"embeddable":true,"href":"https:\/\/theathenanet.org\/en\/wp-json\/wp\/v2\/comments?post=3019"}],"version-history":[{"count":2,"href":"https:\/\/theathenanet.org\/en\/wp-json\/wp\/v2\/pages\/3019\/revisions"}],"predecessor-version":[{"id":3024,"href":"https:\/\/theathenanet.org\/en\/wp-json\/wp\/v2\/pages\/3019\/revisions\/3024"}],"wp:attachment":[{"href":"https:\/\/theathenanet.org\/en\/wp-json\/wp\/v2\/media?parent=3019"}],"curies":[{"name":"wp","href":"https:\/\/api.w.org\/{rel}","templated":true}]}}